{"id":41,"date":"2023-11-06T16:41:19","date_gmt":"2023-11-06T15:41:19","guid":{"rendered":"http:\/\/155.253.20.24\/wordpress\/?page_id=41"},"modified":"2026-02-18T16:37:28","modified_gmt":"2026-02-18T15:37:28","slug":"chi-siamo","status":"publish","type":"page","link":"https:\/\/www.lteritalia.it\/?page_id=41","title":{"rendered":"Chi siamo"},"content":{"rendered":"\n<div class=\"wp-block-cover is-light\" style=\"margin-top:0;margin-bottom:0;min-height:269px\"><img loading=\"lazy\" decoding=\"async\" width=\"2560\" height=\"1920\" class=\"wp-block-cover__image-background wp-image-2551\" alt=\"\" src=\"http:\/\/155.253.20.24\/wordpress\/wp-content\/uploads\/01_1_L-1-scaled.jpg\" style=\"object-position:54% 63%\" data-object-fit=\"cover\" data-object-position=\"54% 63%\" srcset=\"https:\/\/www.lteritalia.it\/wp-content\/uploads\/01_1_L-1-scaled.jpg 2560w, https:\/\/www.lteritalia.it\/wp-content\/uploads\/01_1_L-1-300x225.jpg 300w, https:\/\/www.lteritalia.it\/wp-content\/uploads\/01_1_L-1-1024x768.jpg 1024w, https:\/\/www.lteritalia.it\/wp-content\/uploads\/01_1_L-1-768x576.jpg 768w, https:\/\/www.lteritalia.it\/wp-content\/uploads\/01_1_L-1-1536x1152.jpg 1536w, https:\/\/www.lteritalia.it\/wp-content\/uploads\/01_1_L-1-2048x1536.jpg 2048w\" sizes=\"auto, (max-width: 2560px) 100vw, 2560px\" \/><span aria-hidden=\"true\" class=\"wp-block-cover__background has-background-dim-0 has-background-dim\"><\/span><div class=\"wp-block-cover__inner-container is-layout-flow wp-block-cover-is-layout-flow\">\n<h2 class=\"wp-block-heading alignwide has-text-color\" style=\"color:#f7c545;font-size:64px\">Chi siamo<\/h2>\n<\/div><\/div>\n\n\n\n<div class=\"wp-block-group alignwide has-background is-layout-flow wp-block-group-is-layout-flow\" style=\"background-color:#085a99;margin-top:0px;margin-bottom:0px;padding-top:10px;padding-bottom:10px\">\n<hr class=\"wp-block-separator has-alpha-channel-opacity is-style-wide\"\/>\n\n\n\n<div class=\"wp-block-media-text alignwide is-stacked-on-mobile is-vertically-aligned-center has-vivid-cyan-blue-background-color has-background\" style=\"margin-top:0;margin-right:0;margin-bottom:0;margin-left:0;padding-right:0;padding-left:var(--wp--preset--spacing--30)\"><figure class=\"wp-block-media-text__media\"><img loading=\"lazy\" decoding=\"async\" width=\"1024\" height=\"768\" src=\"http:\/\/155.253.20.24\/wordpress\/wp-content\/uploads\/2-P5280396-1024x768.jpg\" alt=\"\" class=\"wp-image-3488 size-large\" srcset=\"https:\/\/www.lteritalia.it\/wp-content\/uploads\/2-P5280396-1024x768.jpg 1024w, https:\/\/www.lteritalia.it\/wp-content\/uploads\/2-P5280396-300x225.jpg 300w, https:\/\/www.lteritalia.it\/wp-content\/uploads\/2-P5280396-768x576.jpg 768w, https:\/\/www.lteritalia.it\/wp-content\/uploads\/2-P5280396-1536x1152.jpg 1536w, https:\/\/www.lteritalia.it\/wp-content\/uploads\/2-P5280396-2048x1536.jpg 2048w\" sizes=\"auto, (max-width: 1024px) 100vw, 1024px\" \/><\/figure><div class=\"wp-block-media-text__content\">\n<h2 class=\"wp-block-heading has-text-align-center has-ast-global-color-5-color has-text-color\" style=\"font-size:30px\">La ricerca ecologica a lungo termine<\/h2>\n\n\n\n<div style=\"height:20px\" aria-hidden=\"true\" class=\"wp-block-spacer\"><\/div>\n\n\n\n<p class=\"has-text-align-left has-white-color has-text-color\" style=\"font-size:17px\"> La \u201cricerca ecologica a lungo termine\u201d (LTER, dall\u2019inglese Long-Term Ecological Research) analizza fenomeni e processi nell\u2019intervallo pluridecennale, una scala temporale che pu\u00f2 includere la durata delle nostre vite e di una o pi\u00f9 generazioni precedenti e successive.<\/p>\n\n\n\n<p>L\u2019approccio LTER \u00e8 fondamentale per comprendere i cambiamenti naturali di un ecosistema e per distinguerli da quelli indotti dalle azioni umane, a scala locale e globale.<\/p>\n\n\n\n<p>Sempre pi\u00f9 frequentemente, gli studi LTER adottano un approccio socio-ecologico per valutare in che modo le cause e gli effetti di un cambiamento ambientale, incluso quello climatico, possano essere generati e modulati dalla struttura della societ\u00e0 umana, dal suo livello di sviluppo e dalla sua capacit\u00e0 di adattamento.<\/p>\n<\/div><\/div>\n\n\n\n<div class=\"wp-block-media-text alignwide has-media-on-the-right is-stacked-on-mobile is-vertically-aligned-center has-vivid-cyan-blue-background-color has-background\" style=\"margin-top:50px;margin-right:0;margin-bottom:0px;margin-left:0;padding-right:var(--wp--preset--spacing--30);padding-left:0\"><div class=\"wp-block-media-text__content\">\n<h2 class=\"wp-block-heading has-text-align-center has-ast-global-color-5-color has-text-color\" style=\"font-size:30px\">Le Reti LTER e la Rete LTER-Italia<\/h2>\n\n\n\n<p class=\"has-text-align-left has-white-color has-text-color\" style=\"font-size:17px\">Tra la fine del secolo scorso e l\u2019inizio di quello attuale, una grande parte della ricerca LTER si \u00e8 organizzata in Reti di siti, distribuite sulla scala globale (<a href=\"https:\/\/www.ilter.network\/\" target=\"_blank\" rel=\"noreferrer noopener\">ILTER<\/a>), europea (<a href=\"https:\/\/elter-ri.eu\/\" target=\"_blank\" rel=\"noreferrer noopener\">LTER-Europe<\/a>) e nazionale.<\/p>\n\n\n\n<p>I siti LTER sono finestre di osservazione aperte sul nostro pianeta attraverso le quali possiamo comprendere lo stato attuale degli ecosistemi e le loro variazioni nel tempo. La diffusione dei siti LTER su tutti i continenti permette di avere una panoramica globale su moltissime tipologie di ecosistemi diversi.<\/p>\n\n\n\n<p>La Rete LTER-Italia, che \u00e8 entrata a far parte delle Reti ILTER e LTER-Europe dal 2006, attualmente \u00e8 costituita da 61 siti di ricerca, distribuiti su tutto il territorio nazionale, in ambienti terrestri, d\u2019acqua dolce, di transizione e marini. A questi si sommano 4 siti extraterritoriali in Antartide. Le ricerche ecologiche pluridecennali svolte nei siti LTER sono frutto del coinvolgimento e della collaborazione di numerose Istituzioni Scientifiche, Universit\u00e0, Enti di Ricerca, Agenzie di Protezione Ambientale ed Enti Territoriali.<\/p>\n<\/div><figure class=\"wp-block-media-text__media\"><img loading=\"lazy\" decoding=\"async\" width=\"1024\" height=\"768\" src=\"http:\/\/155.253.20.24\/wordpress\/wp-content\/uploads\/il-larice-un-piccolo-grande-ecosistema-monumento-naturale-1024x768.jpg\" alt=\"\" class=\"wp-image-3509 size-large\" srcset=\"https:\/\/www.lteritalia.it\/wp-content\/uploads\/il-larice-un-piccolo-grande-ecosistema-monumento-naturale-1024x768.jpg 1024w, https:\/\/www.lteritalia.it\/wp-content\/uploads\/il-larice-un-piccolo-grande-ecosistema-monumento-naturale-300x225.jpg 300w, https:\/\/www.lteritalia.it\/wp-content\/uploads\/il-larice-un-piccolo-grande-ecosistema-monumento-naturale-768x576.jpg 768w, https:\/\/www.lteritalia.it\/wp-content\/uploads\/il-larice-un-piccolo-grande-ecosistema-monumento-naturale-1536x1152.jpg 1536w, https:\/\/www.lteritalia.it\/wp-content\/uploads\/il-larice-un-piccolo-grande-ecosistema-monumento-naturale-2048x1536.jpg 2048w\" sizes=\"auto, (max-width: 1024px) 100vw, 1024px\" \/><\/figure><\/div>\n\n\n\n<p class=\"has-vivid-cyan-blue-background-color has-background\" style=\"margin-left:0;padding-left:var(--wp--preset--spacing--70)\">I siti LTER sono patrimoni di conoscenza ecologica sul campo, grazie alla raccolta di lunghe serie temporali di dati. Ma sono anche luoghi di confronto e collaborazione fra ricercatori, di formazione di futuri ecologi e di condivisione e apertura della ricerca al pubblico.<\/p>\n\n\n\n<div class=\"wp-block-group is-layout-flow wp-block-group-is-layout-flow\" style=\"border-radius:5px\">\n<hr class=\"wp-block-separator has-text-color has-alpha-channel-opacity has-background is-style-wide\" style=\"background-color:#085a99;color:#085a99\"\/>\n\n\n\n<hr class=\"wp-block-separator alignwide has-text-color has-alpha-channel-opacity has-background is-style-wide\" style=\"background-color:#085a99;color:#085a99\"\/>\n\n\n\n<p class=\"has-text-align-center has-ast-global-color-5-color has-text-color has-link-color\" style=\"font-size:50px\">LTER-Italia ha cinque obiettivi primari:<\/p>\n\n\n\n<figure class=\"wp-block-image alignwide size-full\"><img loading=\"lazy\" decoding=\"async\" width=\"2560\" height=\"1280\" src=\"http:\/\/155.253.20.24\/wordpress\/wp-content\/uploads\/obiettivi-scaled.jpg\" alt=\"\" class=\"wp-image-792\" srcset=\"https:\/\/www.lteritalia.it\/wp-content\/uploads\/obiettivi-scaled.jpg 2560w, https:\/\/www.lteritalia.it\/wp-content\/uploads\/obiettivi-300x150.jpg 300w, https:\/\/www.lteritalia.it\/wp-content\/uploads\/obiettivi-1024x512.jpg 1024w, https:\/\/www.lteritalia.it\/wp-content\/uploads\/obiettivi-768x384.jpg 768w, https:\/\/www.lteritalia.it\/wp-content\/uploads\/obiettivi-1536x768.jpg 1536w, https:\/\/www.lteritalia.it\/wp-content\/uploads\/obiettivi-2048x1024.jpg 2048w\" sizes=\"auto, (max-width: 2560px) 100vw, 2560px\" \/><\/figure>\n\n\n\n<p>La Rete partecipa alla Infrastruttura di Ricerca \u201cIntegrated European Long-Term Ecosystem, Critical Zone &amp; Socio-Ecological Research Infrastructure (<a href=\"https:\/\/elter-ri.eu\/\" target=\"_blank\" rel=\"noreferrer noopener\">eLTER-RI<\/a>)\u201d, finalizzata alla realizzazione di una infrastruttura europea integrata per le ricerche di lungo termine sugli ecosistemi, sulla zona critica e su tematiche socio-ecologiche. eLTER-RI \u00e8 stata inserita nella <a href=\"https:\/\/www.esfri.eu\/\" target=\"_blank\" rel=\"noreferrer noopener\">ESFRI <\/a>(European Strategy Forum on Research Infrastructures) Roadmap nel 2018, \u00e8 attualmente nella fase preparatoria ed \u00e8 sostenuta da due progetti HORIZON2020, <a href=\"https:\/\/elter-ri.eu\/elter-plus\" target=\"_blank\" rel=\"noreferrer noopener\">eLTER-Plus<\/a> e <a href=\"https:\/\/elter-ri.eu\/elter-ppp\" target=\"_blank\" rel=\"noreferrer noopener\">eLTER-PPP<\/a>. A livello nazionale eLTER ha ricevuto l\u2019approvazione del <a href=\"https:\/\/www.mur.gov.it\/it\" target=\"_blank\" rel=\"noreferrer noopener\">MUR<\/a> ed \u00e8 stata inserita tra le Infrastrutture ad alta priorit\u00e0 nel <a href=\"https:\/\/www.mur.gov.it\/sites\/default\/files\/2021-10\/Decreto%20Ministeriale%20n.1082%20del%2010-09-2021%20-%20PNIR%202021%20-%202027.pdf\" target=\"_blank\" rel=\"noreferrer noopener\">PNIR<\/a> (Piano Nazionale delle Infrastrutture di Ricerca) 2021-2027.<\/p>\n<\/div>\n\n\n\n<div class=\"wp-block-group alignwide is-layout-flow wp-block-group-is-layout-flow\">\n<div class=\"wp-block-group alignwide is-layout-flow wp-block-group-is-layout-flow\" style=\"margin-top:0;margin-bottom:0\">\n<div class=\"wp-block-media-text alignwide is-stacked-on-mobile is-vertically-aligned-center has-vivid-cyan-blue-background-color has-background\" style=\"margin-right:0;margin-bottom:0;margin-left:0;padding-right:0;padding-left:var(--wp--preset--spacing--30)\"><figure class=\"wp-block-media-text__media\"><img loading=\"lazy\" decoding=\"async\" width=\"1024\" height=\"576\" src=\"http:\/\/155.253.20.24\/wordpress\/wp-content\/uploads\/1-GT-ISE-VB-P1010872-1024x576.jpg\" alt=\"\" class=\"wp-image-3489 size-large\" srcset=\"https:\/\/www.lteritalia.it\/wp-content\/uploads\/1-GT-ISE-VB-P1010872-1024x576.jpg 1024w, https:\/\/www.lteritalia.it\/wp-content\/uploads\/1-GT-ISE-VB-P1010872-300x169.jpg 300w, https:\/\/www.lteritalia.it\/wp-content\/uploads\/1-GT-ISE-VB-P1010872-768x432.jpg 768w, https:\/\/www.lteritalia.it\/wp-content\/uploads\/1-GT-ISE-VB-P1010872-1536x864.jpg 1536w, https:\/\/www.lteritalia.it\/wp-content\/uploads\/1-GT-ISE-VB-P1010872-2048x1152.jpg 2048w\" sizes=\"auto, (max-width: 1024px) 100vw, 1024px\" \/><\/figure><div class=\"wp-block-media-text__content\">\n<h2 class=\"wp-block-heading has-text-align-center has-ast-global-color-5-color has-text-color\" style=\"font-size:30px\">La storia<\/h2>\n\n\n\n<p>L\u2019idea di costruire una rete di ricerca ecologica a lungo termine in Italia, basata sugli obiettivi della Rete LTER internazionale (ILTER), si afferm\u00f2 nel panorama scientifico italiano gi\u00e0 dall\u2019inizio degli anni 90.<\/p>\n\n\n\n<p>Questa idea si svilupp\u00f2 e venne ampiamente sostenuta durante due importanti congressi della comunit\u00e0 degli ecologi, il VII Congresso della Societ\u00e0 Italiana di Ecologia, <a href=\"https:\/\/www.ecologia.it\/\" target=\"_blank\" rel=\"noreferrer noopener\">SItE<\/a>, (Napoli, 1996) e il VII Congresso della Societ\u00e0 Internazionale di Ecologia (Firenze, 1998). Nel corso degli anni successivi, numerose iniziative e attivit\u00e0 del \u201cGruppo Promotore LTER\u201d, portarono alla costituzione della Rete. In particolare, nel 2004, la rete di eccellenza ALTER-Net (A Long-Term Biodiversity, Ecosystem and Awareness Research Network) forn\u00ec il contesto istituzionale appropriato, a livello europeo, per il consolidamento della Rete. L\u2019allora Corpo Forestale dello Stato (CFS), unico membro italiano di ALTER-Net, ha coordinato e portato a compimento il processo di nascita della Rete LTER-Italia, in stretta collaborazione con il <a href=\"http:\/\/cnr.it\" target=\"_blank\" rel=\"noreferrer noopener\">Consiglio Nazionale delle Ricerche (CNR)<\/a> e il Gruppo Promotore LTER.<\/p>\n<\/div><\/div>\n\n\n\n<p class=\"has-vivid-cyan-blue-background-color has-background\">Nel novembre del 2004 il CFS organizz\u00f2 a Roma una Conferenza scientifica durante la quale le ricercatrici e i ricercatori coinvolti nella fondazione di LTER-Italia presentarono i primi siti candidati a costituire la Rete. Il CNR, con tre dei suoi istituti (l\u2019allora Istituto di Biologia Agro-ambientale e Forestale-IBAF, l\u2019allora Istituto per lo Studio degli Ecosistemi-ISE e l&#8217;Istituto di Scienze Marine-ISMAR), il CFS, la SItE ed il Laboratorio di Biologia Marina di Trieste sottoscrissero un Protocollo d&#8217;Intesa per l\u2019avvio di LTER-Italia. Questo Protocollo serv\u00ec a stabilire le due regole fondanti della Rete, in particolare la sua struttura organizzativa e la procedura di selezione dei siti. Nel 2005 il Comitato Promotore assunse l&#8217;importante ruolo di entit\u00e0 organizzativa e scientifica. Si occup\u00f2 del coordinamento delle ricercatrici e dei ricercatori responsabili dei siti e dei rapporti tra LTER-Italia e ILTER. Venne anche eletto il Comitato Tecnico Scientifico, per seguire e valutare periodicamente le attivit\u00e0 scientifiche condotte nei siti. Con il supporto scientifico di cinque revisori esterni, venne avviata l\u2019elezione dei primi siti LTER: una lista iniziale di 17 siti venne presentata ufficialmente a marzo 2006, a Roma presso l&#8217;Ispettorato Generale del CFS, durante la prima Assemblea Generale LTER-Italia. Nel corso di questa Assemblea, il Comitato Promotore acquis\u00ec tre nuovi membri e venne rinominato &#8220;Comitato Esecutivo&#8221;. Vennero anche eletti sette membri per il Comitato Tecnico Scientifico e stilata una proposta organica per la struttura di LTER-Italia da sottomettere al coordinamento di ILTER. Nell\u2019agosto del 2006 a Gobabeb, in Namibia, si tenne la riunione del Comitato di Coordinamento internazionale ILTER dove LTER-Italia venne presentata, e ufficialmente ammessa, alla rete globale ILTER. Da allora la Rete LTER-Italia ha continuato a crescere, grazie anche al supporto di vari progetti. Tra questi, \u00e8 importante menzionare il progetto<a href=\"http:\/\/www.enveurope.eu\/\" target=\"_blank\" rel=\"noreferrer noopener\"> LIFE+ EnvEurope<\/a> (\u201cEnvironmental quality and pressures assessment across Europe: the LTER network as an integrated and shared system for ecosystem monitoring, 2010-2013). Ideato in cooperazione con il CFS e coordinato dal CNR, Life+ EnvEurope \u00e8 stato il primo progetto interamente dedicato alla nascente rete LTER-Europe ed \u00e8 stato significativo per lo sviluppo e l\u2019armonizzazione delle attivit\u00e0 LTER in tutta la rete europea.&nbsp;<\/p>\n\n\n\n<div class=\"wp-block-media-text alignwide has-media-on-the-right is-stacked-on-mobile is-vertically-aligned-center has-vivid-cyan-blue-background-color has-background\" style=\"padding-right:var(--wp--preset--spacing--30);padding-left:0\"><div class=\"wp-block-media-text__content\">\n<p>Nel medesimo periodo, tra il 2010 e il 2012, si colloca anche il progetto LIFE FACTS (\u201cForest biodiversity assessment across Europe: towards an integrated system for biodiversity monitoring\u201d), coordinato dal CRA, ora CREA (Consiglio per la ricerca in agricoltura e l\u2019analisi dell\u2019economia agraria), che ha contribuito alla realizzazione di un sistema integrato di monitoraggio della biodiversit\u00e0 negli ecosistemi forestali, molti dei quali appartenenti a LTER-Europe.<\/p>\n\n\n\n<p>Anche il Progetto Bandiera<a href=\"https:\/\/www.ritmare.it\/\" target=\"_blank\" rel=\"noreferrer noopener\"> Ritmare<\/a> (2012- 2017), finanziato dal MIUR, ha sostenuto la Rete LTER-Italia, soprattutto per quanto riguarda la sua componente marina, dando un contributo significativo per la gestione dei dati, lo sviluppo di osservatori ecologici in nord Adriatico e nel Golfo di Napoli, e il consolidamento delle infrastrutture osservative marine esistenti<\/p>\n\n\n\n<p>La Rete LTER-Italia attualmente \u00e8 inserita nel Piano Nazionale per le Infrastrutture di Ricerca 2021-2027 (<a href=\"https:\/\/www.mur.gov.it\/sites\/default\/files\/2021-10\/Decreto%20Ministeriale%20n.1082%20del%2010-09-2021%20-%20PNIR%202021%20-%202027.pdf\" target=\"_blank\" rel=\"noreferrer noopener\">PNIR<\/a> 2021-2027, Decreto Ministeriale n.1082 del 10-09-2021) tra le infrastrutture ad alta priorit\u00e0.<\/p>\n<\/div><figure class=\"wp-block-media-text__media\"><img loading=\"lazy\" decoding=\"async\" width=\"1024\" height=\"795\" src=\"http:\/\/155.253.20.24\/wordpress\/wp-content\/uploads\/foto_3_MB-1024x795.jpg\" alt=\"\" class=\"wp-image-3502 size-large\" srcset=\"https:\/\/www.lteritalia.it\/wp-content\/uploads\/foto_3_MB-1024x795.jpg 1024w, https:\/\/www.lteritalia.it\/wp-content\/uploads\/foto_3_MB-300x233.jpg 300w, https:\/\/www.lteritalia.it\/wp-content\/uploads\/foto_3_MB-768x597.jpg 768w, https:\/\/www.lteritalia.it\/wp-content\/uploads\/foto_3_MB-1536x1193.jpg 1536w, https:\/\/www.lteritalia.it\/wp-content\/uploads\/foto_3_MB-2048x1591.jpg 2048w\" sizes=\"auto, (max-width: 1024px) 100vw, 1024px\" \/><\/figure><\/div>\n<\/div>\n<\/div>\n<\/div>\n\n\n\n<hr class=\"wp-block-separator has-text-color has-alpha-channel-opacity has-background is-style-wide\" style=\"background-color:#085a99;color:#085a99\"\/>\n\n\n\n<h2 class=\"wp-block-heading alignwide has-text-align-center has-ast-global-color-5-color has-text-color has-link-color\" id=\"we-re-a-studio-in-berlin-with-an-international-practice-in-architecture-urban-planning-and-interior-design-we-believe-in-sharing-knowledge-and-promoting-dialogue-to-increase-the-creative-potential-of-collaboration\" style=\"font-size:50px;line-height:1.1\">La Joint Research Unit eLTER-IT \u00e8 costituita da:<\/h2>\n\n\n\n<figure class=\"wp-block-image aligncenter size-full is-resized\"><img loading=\"lazy\" decoding=\"async\" width=\"2560\" height=\"1290\" src=\"https:\/\/www.lteritalia.it\/wp-content\/uploads\/GroupPhoto-1-edited-1-scaled.jpg\" alt=\"\" class=\"wp-image-7137\" style=\"width:988px;height:auto\" srcset=\"https:\/\/www.lteritalia.it\/wp-content\/uploads\/GroupPhoto-1-edited-1-scaled.jpg 2560w, https:\/\/www.lteritalia.it\/wp-content\/uploads\/GroupPhoto-1-edited-1-300x151.jpg 300w, https:\/\/www.lteritalia.it\/wp-content\/uploads\/GroupPhoto-1-edited-1-1024x516.jpg 1024w, https:\/\/www.lteritalia.it\/wp-content\/uploads\/GroupPhoto-1-edited-1-768x387.jpg 768w, https:\/\/www.lteritalia.it\/wp-content\/uploads\/GroupPhoto-1-edited-1-1536x774.jpg 1536w, https:\/\/www.lteritalia.it\/wp-content\/uploads\/GroupPhoto-1-edited-1-2048x1032.jpg 2048w\" sizes=\"auto, (max-width: 2560px) 100vw, 2560px\" \/><\/figure>\n\n\n\n<div class=\"wp-block-group has-background is-layout-flow wp-block-group-is-layout-flow\" style=\"background-color:#085a99;padding-top:var(--wp--preset--spacing--50);padding-right:0;padding-bottom:var(--wp--preset--spacing--50);padding-left:0\">\n<div class=\"wp-block-buttons is-layout-flex wp-block-buttons-is-layout-flex\">\n<div class=\"wp-block-button has-custom-width wp-block-button__width-50\"><a class=\"wp-block-button__link wp-element-button\" href=\"http:\/\/www.lteritalia.it\/?p=3456\" target=\"_blank\" rel=\"noreferrer noopener\">Coordinatore<\/a><\/div>\n\n\n\n<div class=\"wp-block-button has-custom-width wp-block-button__width-50\"><a class=\"wp-block-button__link wp-element-button\" href=\"http:\/\/www.lteritalia.it\/?p=3458\" target=\"_blank\" rel=\"noreferrer noopener\">Vice Coordinatore<\/a><\/div>\n\n\n\n<div class=\"wp-block-button has-custom-width wp-block-button__width-50\"><a class=\"wp-block-button__link wp-element-button\" href=\"http:\/\/www.lteritalia.it\/?p=3460\" target=\"_blank\" rel=\"noreferrer noopener\">Comitato di Coordinamento<\/a><\/div>\n\n\n\n<div class=\"wp-block-button has-custom-width wp-block-button__width-50 is-style-fill\"><a class=\"wp-block-button__link wp-element-button\" href=\"http:\/\/www.lteritalia.it\/?p=3463\" target=\"_blank\" rel=\"noreferrer noopener\">Segretariato Tecnico-Scientifico<\/a><\/div>\n\n\n\n<div class=\"wp-block-button has-custom-width wp-block-button__width-50 is-style-fill\"><a class=\"wp-block-button__link wp-element-button\" href=\"https:\/\/www.lteritalia.it\/?page_id=7115\" target=\"_blank\" rel=\"noreferrer noopener\">Assemblea Generale<\/a><\/div>\n\n\n\n<div class=\"wp-block-button has-custom-width wp-block-button__width-50 is-style-fill\"><a class=\"wp-block-button__link wp-element-button\" href=\"http:\/\/www.lteritalia.it\/?p=3472\" target=\"_blank\" rel=\"noreferrer noopener\">Assemblea dei Responsabili dei Siti di Ricerca<\/a><\/div>\n<\/div>\n\n\n\n<div class=\"wp-block-buttons is-layout-flex wp-block-buttons-is-layout-flex\">\n<div class=\"wp-block-button has-custom-width wp-block-button__width-50\"><a class=\"wp-block-button__link wp-element-button\">GdL Scienza<\/a><\/div>\n\n\n\n<div class=\"wp-block-button has-custom-width wp-block-button__width-50\"><a class=\"wp-block-button__link wp-element-button\">GdL Siti<\/a><\/div>\n\n\n\n<div class=\"wp-block-button has-custom-width wp-block-button__width-50\"><a class=\"wp-block-button__link wp-element-button\" href=\"http:\/\/www.lteritalia.it\/?p=3460\" target=\"_blank\" rel=\"noreferrer noopener\">GdL Natura e Societ\u00e0<\/a><\/div>\n\n\n\n<div class=\"wp-block-button has-custom-width wp-block-button__width-50 is-style-fill\"><a class=\"wp-block-button__link wp-element-button\" href=\"https:\/\/www.lteritalia.it\/?page_id=7121\" target=\"_blank\" rel=\"noreferrer noopener\">Referente delle attivit\u00e0 tecnico-amministrative e contabili<\/a><\/div>\n<\/div>\n<\/div>\n\n\n\n<p><\/p>\n","protected":false},"excerpt":{"rendered":"<p>La ricerca ecologica a lungo termine La \u201cricerca ecologica a lungo termine\u201d (LTER, dall\u2019inglese Long-Term Ecological Research) analizza fenomeni e processi nell\u2019intervallo pluridecennale, una scala temporale che pu\u00f2 includere la [&hellip;]<\/p>\n","protected":false},"author":1,"featured_media":957,"parent":330,"menu_order":2,"comment_status":"closed","ping_status":"closed","template":"","meta":{"site-sidebar-layout":"default","site-content-layout":"","ast-site-content-layout":"default","site-content-style":"default","site-sidebar-style":"default","ast-global-header-display":"","ast-banner-title-visibility":"","ast-main-header-display":"","ast-hfb-above-header-display":"","ast-hfb-below-header-display":"","ast-hfb-mobile-header-display":"","site-post-title":"disabled","ast-breadcrumbs-content":"","ast-featured-img":"disabled","footer-sml-layout":"","ast-disable-related-posts":"","theme-transparent-header-meta":"","adv-header-id-meta":"","stick-header-meta":"","header-above-stick-meta":"","header-main-stick-meta":"","header-below-stick-meta":"","astra-migrate-meta-layouts":"","ast-page-background-enabled":"default","ast-page-background-meta":{"desktop":{"background-color":"var(--ast-global-color-4)","background-image":"","background-repeat":"repeat","background-position":"center center","background-size":"auto","background-attachment":"scroll","background-type":"","background-media":"","overlay-type":"","overlay-color":"","overlay-opacity":"","overlay-gradient":""},"tablet":{"background-color":"","background-image":"","background-repeat":"repeat","background-position":"center center","background-size":"auto","background-attachment":"scroll","background-type":"","background-media":"","overlay-type":"","overlay-color":"","overlay-opacity":"","overlay-gradient":""},"mobile":{"background-color":"","background-image":"","background-repeat":"repeat","background-position":"center center","background-size":"auto","background-attachment":"scroll","background-type":"","background-media":"","overlay-type":"","overlay-color":"","overlay-opacity":"","overlay-gradient":""}},"ast-content-background-meta":{"desktop":{"background-color":"var(--ast-global-color-5)","background-image":"","background-repeat":"repeat","background-position":"center center","background-size":"auto","background-attachment":"scroll","background-type":"","background-media":"","overlay-type":"","overlay-color":"","overlay-opacity":"","overlay-gradient":""},"tablet":{"background-color":"var(--ast-global-color-5)","background-image":"","background-repeat":"repeat","background-position":"center center","background-size":"auto","background-attachment":"scroll","background-type":"","background-media":"","overlay-type":"","overlay-color":"","overlay-opacity":"","overlay-gradient":""},"mobile":{"background-color":"var(--ast-global-color-5)","background-image":"","background-repeat":"repeat","background-position":"center center","background-size":"auto","background-attachment":"scroll","background-type":"","background-media":"","overlay-type":"","overlay-color":"","overlay-opacity":"","overlay-gradient":""}},"_mc_calendar":[],"footnotes":""},"categories":[],"tags":[],"class_list":["post-41","page","type-page","status-publish","has-post-thumbnail","hentry"],"_links":{"self":[{"href":"https:\/\/www.lteritalia.it\/index.php?rest_route=\/wp\/v2\/pages\/41","targetHints":{"allow":["GET"]}}],"collection":[{"href":"https:\/\/www.lteritalia.it\/index.php?rest_route=\/wp\/v2\/pages"}],"about":[{"href":"https:\/\/www.lteritalia.it\/index.php?rest_route=\/wp\/v2\/types\/page"}],"author":[{"embeddable":true,"href":"https:\/\/www.lteritalia.it\/index.php?rest_route=\/wp\/v2\/users\/1"}],"replies":[{"embeddable":true,"href":"https:\/\/www.lteritalia.it\/index.php?rest_route=%2Fwp%2Fv2%2Fcomments&post=41"}],"version-history":[{"count":88,"href":"https:\/\/www.lteritalia.it\/index.php?rest_route=\/wp\/v2\/pages\/41\/revisions"}],"predecessor-version":[{"id":7984,"href":"https:\/\/www.lteritalia.it\/index.php?rest_route=\/wp\/v2\/pages\/41\/revisions\/7984"}],"up":[{"embeddable":true,"href":"https:\/\/www.lteritalia.it\/index.php?rest_route=\/wp\/v2\/pages\/330"}],"wp:featuredmedia":[{"embeddable":true,"href":"https:\/\/www.lteritalia.it\/index.php?rest_route=\/wp\/v2\/media\/957"}],"wp:attachment":[{"href":"https:\/\/www.lteritalia.it\/index.php?rest_route=%2Fwp%2Fv2%2Fmedia&parent=41"}],"wp:term":[{"taxonomy":"category","embeddable":true,"href":"https:\/\/www.lteritalia.it\/index.php?rest_route=%2Fwp%2Fv2%2Fcategories&post=41"},{"taxonomy":"post_tag","embeddable":true,"href":"https:\/\/www.lteritalia.it\/index.php?rest_route=%2Fwp%2Fv2%2Ftags&post=41"}],"curies":[{"name":"wp","href":"https:\/\/api.w.org\/{rel}","templated":true}]}}