{"id":3948,"date":"2024-02-06T07:47:48","date_gmt":"2024-02-06T06:47:48","guid":{"rendered":"http:\/\/155.253.20.24\/wordpress\/?page_id=3948"},"modified":"2024-02-20T10:34:26","modified_gmt":"2024-02-20T09:34:26","slug":"cammini-2022","status":"publish","type":"page","link":"https:\/\/www.lteritalia.it\/?page_id=3948","title":{"rendered":"Cammini 2022"},"content":{"rendered":"\n<p>Nel periodo di pausa dei Cammini, il 15 novembre 2022 si \u00e8 svolto un incontro a Roma dal titolo &#8220;Riflessioni e prospettive per i Cammini della Rete LTER Italia&#8221;, per fermarsi a riflettere sul significato che i Cammini hanno avuto per la Rete e per chi vi ha preso parte con diversi ruoli e immaginare il loro futuro. L\u2019incontro ha coinvolto coloro che, negli anni precedenti, i Cammini li avevano organizzati, vi avevano partecipato per brevi o lunghe tappe, o erano stati coinvolti anche solo per un supporto logistico o organizzativo. All\u2019incontro hanno partecipato 32 persone, provenienti da 11 diverse istituzioni.<\/p>\n\n\n\n<p>L\u2019incontro ha previsto una prima parte dedicata a ripercorrere la storia e i risultati dei Cammini e a ragionare sulla comunicazione della scienza &#8211; cos\u2019\u00e8 e perch\u00e9 diventata sempre pi\u00f9 importante per la ricerca &#8211; e su come i Cammini si inseriscono nel panorama ampio delle iniziative diversificate di comunicazione. Nella seconda parte si sono svolti laboratori mirati a condividere considerazioni e riflessioni sulle esperienze vissute nei Cammini e a valutare insieme se e come l\u2019iniziativa dei Cammini avrebbe potuto proseguire e con quali prospettive e finalit\u00e0.<\/p>\n\n\n\n<p>I risultati dell&#8217;incontro sono stati pubblicati su <a href=\"https:\/\/doi.org\/10.5281\/zenodo.7547639\" target=\"_blank\" rel=\"noreferrer noopener\">Zenodo<\/a>, nella community LTER-Italia.<\/p>\n","protected":false},"excerpt":{"rendered":"<p>Nel periodo di pausa dei Cammini, il 15 novembre 2022 si \u00e8 svolto un incontro a Roma dal titolo &#8220;Riflessioni e prospettive per i Cammini della Rete LTER Italia&#8221;, per [&hellip;]<\/p>\n","protected":false},"author":1,"featured_media":1800,"parent":926,"menu_order":0,"comment_status":"closed","ping_status":"closed","template":"","meta":{"site-sidebar-layout":"default","site-content-layout":"","ast-site-content-layout":"default","site-content-style":"default","site-sidebar-style":"default","ast-global-header-display":"","ast-banner-title-visibility":"","ast-main-header-display":"","ast-hfb-above-header-display":"","ast-hfb-below-header-display":"","ast-hfb-mobile-header-display":"","site-post-title":"","ast-breadcrumbs-content":"","ast-featured-img":"","footer-sml-layout":"","ast-disable-related-posts":"","theme-transparent-header-meta":"","adv-header-id-meta":"","stick-header-meta":"","header-above-stick-meta":"","header-main-stick-meta":"","header-below-stick-meta":"","astra-migrate-meta-layouts":"default","ast-page-background-enabled":"default","ast-page-background-meta":{"desktop":{"background-color":"var(--ast-global-color-4)","background-image":"","background-repeat":"repeat","background-position":"center center","background-size":"auto","background-attachment":"scroll","background-type":"","background-media":"","overlay-type":"","overlay-color":"","overlay-opacity":"","overlay-gradient":""},"tablet":{"background-color":"","background-image":"","background-repeat":"repeat","background-position":"center center","background-size":"auto","background-attachment":"scroll","background-type":"","background-media":"","overlay-type":"","overlay-color":"","overlay-opacity":"","overlay-gradient":""},"mobile":{"background-color":"","background-image":"","background-repeat":"repeat","background-position":"center center","background-size":"auto","background-attachment":"scroll","background-type":"","background-media":"","overlay-type":"","overlay-color":"","overlay-opacity":"","overlay-gradient":""}},"ast-content-background-meta":{"desktop":{"background-color":"var(--ast-global-color-5)","background-image":"","background-repeat":"repeat","background-position":"center center","background-size":"auto","background-attachment":"scroll","background-type":"","background-media":"","overlay-type":"","overlay-color":"","overlay-opacity":"","overlay-gradient":""},"tablet":{"background-color":"var(--ast-global-color-5)","background-image":"","background-repeat":"repeat","background-position":"center center","background-size":"auto","background-attachment":"scroll","background-type":"","background-media":"","overlay-type":"","overlay-color":"","overlay-opacity":"","overlay-gradient":""},"mobile":{"background-color":"var(--ast-global-color-5)","background-image":"","background-repeat":"repeat","background-position":"center center","background-size":"auto","background-attachment":"scroll","background-type":"","background-media":"","overlay-type":"","overlay-color":"","overlay-opacity":"","overlay-gradient":""}},"_mc_calendar":[],"footnotes":""},"categories":[],"tags":[],"class_list":["post-3948","page","type-page","status-publish","has-post-thumbnail","hentry"],"_links":{"self":[{"href":"https:\/\/www.lteritalia.it\/index.php?rest_route=\/wp\/v2\/pages\/3948","targetHints":{"allow":["GET"]}}],"collection":[{"href":"https:\/\/www.lteritalia.it\/index.php?rest_route=\/wp\/v2\/pages"}],"about":[{"href":"https:\/\/www.lteritalia.it\/index.php?rest_route=\/wp\/v2\/types\/page"}],"author":[{"embeddable":true,"href":"https:\/\/www.lteritalia.it\/index.php?rest_route=\/wp\/v2\/users\/1"}],"replies":[{"embeddable":true,"href":"https:\/\/www.lteritalia.it\/index.php?rest_route=%2Fwp%2Fv2%2Fcomments&post=3948"}],"version-history":[{"count":2,"href":"https:\/\/www.lteritalia.it\/index.php?rest_route=\/wp\/v2\/pages\/3948\/revisions"}],"predecessor-version":[{"id":3953,"href":"https:\/\/www.lteritalia.it\/index.php?rest_route=\/wp\/v2\/pages\/3948\/revisions\/3953"}],"up":[{"embeddable":true,"href":"https:\/\/www.lteritalia.it\/index.php?rest_route=\/wp\/v2\/pages\/926"}],"wp:featuredmedia":[{"embeddable":true,"href":"https:\/\/www.lteritalia.it\/index.php?rest_route=\/wp\/v2\/media\/1800"}],"wp:attachment":[{"href":"https:\/\/www.lteritalia.it\/index.php?rest_route=%2Fwp%2Fv2%2Fmedia&parent=3948"}],"wp:term":[{"taxonomy":"category","embeddable":true,"href":"https:\/\/www.lteritalia.it\/index.php?rest_route=%2Fwp%2Fv2%2Fcategories&post=3948"},{"taxonomy":"post_tag","embeddable":true,"href":"https:\/\/www.lteritalia.it\/index.php?rest_route=%2Fwp%2Fv2%2Ftags&post=3948"}],"curies":[{"name":"wp","href":"https:\/\/api.w.org\/{rel}","templated":true}]}}