{"id":3,"date":"2023-09-20T15:39:19","date_gmt":"2023-09-20T15:39:19","guid":{"rendered":"http:\/\/155.253.20.24\/wordpress\/?page_id=3"},"modified":"2024-01-08T10:35:48","modified_gmt":"2024-01-08T09:35:48","slug":"privacy-policy","status":"publish","type":"page","link":"https:\/\/www.lteritalia.it\/?page_id=3","title":{"rendered":"Privacy Policy"},"content":{"rendered":"\n<p><strong>Normativa di riferimento<\/strong><\/p>\n\n\n\n<ul class=\"wp-block-list\">\n<li>Regolamento UE 2016\/679 &#8211; GDPR (General Data Protection Regulation);<\/li>\n\n\n\n<li>Decreto Legislativo 10 Agosto 2018 n\u00b0101;<\/li>\n\n\n\n<li>Provvedimento 8 maggio 2014 n\u00b0229;<\/li>\n\n\n\n<li>Direttive n. 1995\/46\/CE, 2002\/58\/CE e 2009\/136\/CE.<\/li>\n<\/ul>\n\n\n\n<p><strong>Privacy Policy<\/strong><\/p>\n\n\n\n<p>La presente informativa \u00e8 resa ai sensi del Regolamento UE 2016\/679 a coloro che interagiscono con il LTER-Italy attraverso il presente sito web e che forniscono consenso al trattamento dei propri dati personali. Al fine di un trattamento corretto e trasparente dei dati si trova in primo piano un banner che informa circa:<\/p>\n\n\n\n<ul class=\"wp-block-list\">\n<li>la presente informativa estesa, che contiene le seguenti ulteriori indicazioni relative all&#8217;uso di cookie;<\/li>\n\n\n\n<li>la possibilit\u00e0 di scegliere quali specifici cookie autorizzare;<\/li>\n\n\n\n<li>le opzioni in merito all\u2019uso dei cookie da parte del sito web anche attraverso le impostazioni del browser, indicando almeno la procedura da eseguire per configurare tali impostazioni;<\/li>\n\n\n\n<li>le indicazioni su come negare il consenso all\u2019installazione di qualunque cookie;<\/li>\n\n\n\n<li>la prosecuzione della navigazione mediante accesso ad altra area del sito web o selezione di un elemento dello stesso (ad esempio, di un\u2019immagine o di un link) comporta la prestazione del consenso all\u2019uso dei cookie.<\/li>\n<\/ul>\n\n\n\n<p><strong>Diritti degli Interessati<\/strong><\/p>\n\n\n\n<p>I soggetti cui si riferiscono i dati personali hanno il diritto in qualunque momento di ottenere la conferma dell\u2019esistenza o meno dei medesimi dati e di conoscerne il contenuto e l\u2019origine, verificarne l\u2019esattezza o chiederne l\u2019integrazione, l\u2019aggiornamento, la cancellazione, la trasformazione in forma anonima o il blocco dei dati trattati in violazione di legge, nonch\u00e9 di opporsi in ogni caso, per motivi legittimi, al loro trattamento. Tali richieste andranno rivolte al Titolare del Trattamento come sopra indicato.<\/p>\n\n\n\n<p><strong>Dati Personali<\/strong><\/p>\n\n\n\n<p>I dati possono essere differenziati in:<\/p>\n\n\n\n<ol class=\"wp-block-list\" start=\"1\">\n<li><em>Provided<\/em>, cio\u00e8 forniti consapevolmente dall\u2019utente (es. registrazione)<\/li>\n\n\n\n<li><em>Observed<\/em>, cio\u00e8 desumibili dalla navigazione dell\u2019utente<\/li>\n\n\n\n<li><em>Derived<\/em>, cio\u00e8 derivati da una precedente raccolta (es. profilazione)<\/li>\n\n\n\n<li><em>Inferred<\/em>, cio\u00e8 aggregati su cui vengono fatte previsioni statistiche<\/li>\n<\/ol>\n\n\n\n<p>Tra i dati raccolti da questo sito web ci possono essere: cookies, dati di utilizzo, nominativi ed indirizzi di posta elettronica. I suddetti dati possono essere inseriti manualmente dall\u2019utente (nominativi o indirizzi di posta elettronica) o automaticamente (cookies, dati di utilizzo). L\u2019eventuale utilizzo di cookies (o altri strumenti di tracciabilit\u00e0) ove non diversamente precisato, ha la finalit\u00e0 di identificare l\u2019utente e registrare le relative preferenze per finalit\u00e0 strettamente legate all\u2019erogazione del servizio richiesto dall\u2019utente. L\u2019utente si assume la responsabilit\u00e0 dei Dati Personali di terzi pubblicati o condivisi mediante questo sito web e garantisce di avere il diritto di comunicarli o diffonderli, liberando il Titolare da qualsiasi responsabilit\u00e0 verso terzi.<\/p>\n\n\n\n<p><strong>Trattamento dei dati<\/strong><\/p>\n\n\n\n<p>Il Titolare tratta i Dati Personali degli Utenti adottando le opportune misure di sicurezza volte ad impedire l\u2019accesso, la divulgazione, la modifica o la distruzione non autorizzate dei Dati Personali. Il trattamento viene effettuato mediante strumenti informatici. Oltre al Titolare potrebbero avere accesso ai Dati anche gli amministratori di sistema nominati Responsabili del Trattamento da parte del Titolare. L\u2019elenco aggiornato dei Responsabili potr\u00e0 sempre essere richiesto al Titolare del Trattamento. In questo momento il Titolare e il Responsabile coincidono.<\/p>\n\n\n\n<p><strong>Titolare e Responsabile del Trattamento dei dati<\/strong><\/p>\n\n\n\n<p>LTER-Italy, Via Roberto Cozzi, 53 20156 Milan (Italy)<\/p>\n\n\n\n<p><strong>eMail inviate<\/strong><\/p>\n\n\n\n<p>Le comunicazioni tecniche (es. avvenuta iscrizione a servizi che il sito web fornisce) o le informazioni divulgative (es. eventi comunicati attraverso la newsletter) e degli eventuali allegati \u00e8 strettamente confidenziale e destinato alla persona a cui \u00e8 indirizzato. Se avete ricevuto per errore una eMail, Vi preghiamo di segnalarcelo immediatamente e di cancellarla dal vostro dispositivo. I dati relativi all\u2019indirizzo eMail dell\u2019utente sono stati trattati per l\u2019invio di materiale a scopo di informazione e divulgazione di eventi non saranno diffusi a terzi e saranno trattati sempre nel rispetto delle regole di riservatezza e sicurezza previste dalla Legge.<\/p>\n\n\n\n<p><strong>Cookie<\/strong><\/p>\n\n\n\n<p>L&#8217;utilizzo dei Cookie ha in prima istanza lo scopo di rendere i servizi efficienti per l\u2019utenza. I dati raccolti vengono immagazzinati in file di testo denominati appunto \u201ccookie\u201d e salvati nelle directory utilizzate dal browser web utilizzato dall\u2019Utente per la navigazione da dispositivo fisso o mobile. Nello specifico i cookie permettono di memorizzare le preferenze inserite per la visualizzazione delle pagine, di evitare di reinserire le stesse informazioni pi\u00f9 volte durante la visita quali ad esempio nome utente e password; di ottimizzarne l\u2019esperienza di navigazione e i servizi offerti dal sito web.<\/p>\n\n\n\n<p><strong>Tipologie di Cookie utilizzati<\/strong><\/p>\n\n\n\n<ul class=\"wp-block-list\">\n<li>1) Cookie Tecnici &#8211; Questa tipologia di cookie \u00e8 strettamente necessaria al corretto funzionamento di alcune sezioni del sito web, sono necessari a visualizzare correttamente il sito e in relazione ai servizi tecnici offerti, verranno quindi sempre utilizzati e inviati, a meno che l\u2019utenza non modifichi le impostazioni nel proprio browser. Di default si dividono in due categorie: persistenti, una volta chiuso il browser non vengono eliminati ma rimangono fino ad una data di scadenza preimpostata; di sessione, vengono cancellati ogni volta che il browser viene chiuso.<\/li>\n\n\n\n<li>2) Cookie analitici &#8211; I cookie in questa categoria vengono utilizzati per collezionare informazioni sull\u2019uso del sito web ed elaborare automaticamente statistiche anonime sull\u2019attivit\u00e0 dell\u2019utenza sul sito web (es. quale sistema utilizza l&#8217;utenza e quale configurazione \u00e8 presente sul dispositivo) al fine di poter apportare modifiche e rendere i contenuti pi\u00f9 interessanti ai desideri dell\u2019utenza.<\/li>\n\n\n\n<li>3) Cookie di analisi di servizi di terze parti &#8211; Questi cookie sono utilizzati al fine di raccogliere informazioni sull\u2019uso del sito web, sempre in forma anonima, come per esempio: pagine visitate, tempo di permanenza, origini del traffico di provenienza, provenienza geografica. Questi cookie possono essere inviati a\/da domini di terze parti esterni al sito web.<\/li>\n\n\n\n<li>4) Cookie per integrare prodotti e funzioni di software di terze parti &#8211; Questa tipologia di cookie integra funzionalit\u00e0 sviluppate da terzi all\u2019interno delle pagine come le icone e le preferenze espresse nei social network al fine di condivisione dei contenuti del sito web o per l\u2019uso di servizi software di terze parti (come i software per generare le mappe o ulteriori software che offrono servizi aggiuntivi). Questi cookie sono inviati a\/da domini di terze parti o a\/da siti partner che offrono funzionalit\u00e0 aggiuntive al sito web.<\/li>\n\n\n\n<li>5) Cookie di profilazione &#8211; Sono quei cookie necessari a creare profili utenti al fine di inviare messaggi pubblicitari in linea con le preferenze manifestate dall\u2019utente all\u2019interno delle pagine del Sito.<\/li>\n<\/ul>\n\n\n\n<p>Per tutte le tipologie di cookie il consenso pu\u00f2 essere espresso dall\u2019utente con una o pi\u00f9 di una delle seguenti modalit\u00e0: mediante specifiche configurazioni del browser utilizzato per navigare le pagine che compongono il sito web; mediante modifica delle impostazioni nell\u2019uso dei servizi di terze parti; attraverso la spunta selettiva trovata sul banner specifico che compare alla prima visita sul sito web.<\/p>\n\n\n\n<p><strong>Siti web e servizi di terze parti<\/strong><\/p>\n\n\n\n<p>Il sito web potrebbe contenere collegamenti ad altri siti web che dispongono di una propria informativa sulla privacy che pu\u00f2 essere diverse da quella adottata, LTER-Italy non risponde di dati o cookie gestiti da questi siti web.<\/p>\n\n\n\n<p><strong>Consenso al trattamento dei dati<\/strong><\/p>\n\n\n\n<p>I dati personali vengono trattati solo a seguito di consenso ricevuto tramite manifestazione di volont\u00e0 libera, specifica, informata ed inequivocabile. LTER-Italy terr\u00e0 traccia di tale consenso che potr\u00e0 essere revocato in qualsiasi momento inviando un\u2019eMail all\u2019indirizzo lteritaly@gmail.com inserendo nell\u2019oggetto del messaggio \u201cPRIVACY\u201d e nel corpo la richiesta specifica. LTER-Italy adotter\u00e0 misure appropriate per mantenere i dati in assoluta sicurezza per il periodo di consenso fornito e non li trasferir\u00e0 in nessun caso. In qualsiasi momento i dati potranno essere rettificati o cancellati su richiesta dell\u2019interessato inviando un\u2019eMail all\u2019indirizzo lteritaly@gmail.com inserendo nell\u2019oggetto del messaggio \u201cPRIVACY\u201d e nel corpo la richiesta specifica.<\/p>\n\n\n\n<p><strong>Creative Commons<\/strong><\/p>\n\n\n\n<figure class=\"wp-block-image size-full\"><img loading=\"lazy\" decoding=\"async\" width=\"127\" height=\"51\" src=\"http:\/\/155.253.20.24\/wordpress\/wp-content\/uploads\/CC-BY-NC-ND.png\" alt=\"\" class=\"wp-image-1749\"\/><\/figure>\n\n\n\n<p>La CC BY-NC-ND include i seguenti elementi:<\/p>\n\n\n\n<figure class=\"wp-block-table\"><table><tbody><tr><td>1<\/td><td>BY<\/td><td>il creatore dell&#8217;opera dev&#8217;essere citato<\/td><\/tr><tr><td>2<\/td><td>NC<\/td><td>l&#8217;uso commercial non \u00e8 consentito<\/td><\/tr><tr><td>3<\/td><td>ND<\/td><td>vietate derivate \u200b\u200bo adattamenti dell&#8217;opera<\/td><\/tr><\/tbody><\/table><\/figure>\n\n\n\n<p>Questa licenza consente all&#8217;utente il riuso attraverso copia e distribuzione del materiale con qualsiasi mezzo o formato senza per\u00f2 modificarla, esclusivamente per scopi non commerciali e a condizione che sia sempre riconosciuta l&#8217;attribuzione al creatore.<\/p>\n\n\n\n<p><\/p>\n\n\n\n<p><\/p>\n","protected":false},"excerpt":{"rendered":"<p>Normativa di riferimento Privacy Policy La presente informativa \u00e8 resa ai sensi del Regolamento UE 2016\/679 a coloro che interagiscono con il LTER-Italy attraverso il presente sito web e che [&hellip;]<\/p>\n","protected":false},"author":1,"featured_media":1749,"parent":1034,"menu_order":14,"comment_status":"closed","ping_status":"closed","template":"","meta":{"site-sidebar-layout":null,"site-content-layout":null,"ast-site-content-layout":null,"site-content-style":null,"site-sidebar-style":null,"ast-global-header-display":"","ast-banner-title-visibility":"","ast-main-header-display":null,"ast-hfb-above-header-display":"","ast-hfb-below-header-display":"","ast-hfb-mobile-header-display":"","site-post-title":null,"ast-breadcrumbs-content":null,"ast-featured-img":null,"footer-sml-layout":null,"ast-disable-related-posts":"","theme-transparent-header-meta":null,"adv-header-id-meta":null,"stick-header-meta":null,"header-above-stick-meta":null,"header-main-stick-meta":null,"header-below-stick-meta":null,"astra-migrate-meta-layouts":"default","ast-page-background-enabled":"default","ast-page-background-meta":{"desktop":{"background-color":"var(--ast-global-color-4)","background-image":"","background-repeat":"repeat","background-position":"center center","background-size":"auto","background-attachment":"scroll","background-type":"","background-media":"","overlay-type":"","overlay-color":"","overlay-opacity":"","overlay-gradient":""},"tablet":{"background-color":"","background-image":"","background-repeat":"repeat","background-position":"center center","background-size":"auto","background-attachment":"scroll","background-type":"","background-media":"","overlay-type":"","overlay-color":"","overlay-opacity":"","overlay-gradient":""},"mobile":{"background-color":"","background-image":"","background-repeat":"repeat","background-position":"center center","background-size":"auto","background-attachment":"scroll","background-type":"","background-media":"","overlay-type":"","overlay-color":"","overlay-opacity":"","overlay-gradient":""}},"ast-content-background-meta":{"desktop":{"background-color":"var(--ast-global-color-5)","background-image":"","background-repeat":"repeat","background-position":"center center","background-size":"auto","background-attachment":"scroll","background-type":"","background-media":"","overlay-type":"","overlay-color":"","overlay-opacity":"","overlay-gradient":""},"tablet":{"background-color":"var(--ast-global-color-5)","background-image":"","background-repeat":"repeat","background-position":"center center","background-size":"auto","background-attachment":"scroll","background-type":"","background-media":"","overlay-type":"","overlay-color":"","overlay-opacity":"","overlay-gradient":""},"mobile":{"background-color":"var(--ast-global-color-5)","background-image":"","background-repeat":"repeat","background-position":"center center","background-size":"auto","background-attachment":"scroll","background-type":"","background-media":"","overlay-type":"","overlay-color":"","overlay-opacity":"","overlay-gradient":""}},"_mc_calendar":[],"footnotes":""},"categories":[],"tags":[],"class_list":["post-3","page","type-page","status-publish","has-post-thumbnail","hentry"],"_links":{"self":[{"href":"https:\/\/www.lteritalia.it\/index.php?rest_route=\/wp\/v2\/pages\/3","targetHints":{"allow":["GET"]}}],"collection":[{"href":"https:\/\/www.lteritalia.it\/index.php?rest_route=\/wp\/v2\/pages"}],"about":[{"href":"https:\/\/www.lteritalia.it\/index.php?rest_route=\/wp\/v2\/types\/page"}],"author":[{"embeddable":true,"href":"https:\/\/www.lteritalia.it\/index.php?rest_route=\/wp\/v2\/users\/1"}],"replies":[{"embeddable":true,"href":"https:\/\/www.lteritalia.it\/index.php?rest_route=%2Fwp%2Fv2%2Fcomments&post=3"}],"version-history":[{"count":4,"href":"https:\/\/www.lteritalia.it\/index.php?rest_route=\/wp\/v2\/pages\/3\/revisions"}],"predecessor-version":[{"id":2477,"href":"https:\/\/www.lteritalia.it\/index.php?rest_route=\/wp\/v2\/pages\/3\/revisions\/2477"}],"up":[{"embeddable":true,"href":"https:\/\/www.lteritalia.it\/index.php?rest_route=\/wp\/v2\/pages\/1034"}],"wp:featuredmedia":[{"embeddable":true,"href":"https:\/\/www.lteritalia.it\/index.php?rest_route=\/wp\/v2\/media\/1749"}],"wp:attachment":[{"href":"https:\/\/www.lteritalia.it\/index.php?rest_route=%2Fwp%2Fv2%2Fmedia&parent=3"}],"wp:term":[{"taxonomy":"category","embeddable":true,"href":"https:\/\/www.lteritalia.it\/index.php?rest_route=%2Fwp%2Fv2%2Fcategories&post=3"},{"taxonomy":"post_tag","embeddable":true,"href":"https:\/\/www.lteritalia.it\/index.php?rest_route=%2Fwp%2Fv2%2Ftags&post=3"}],"curies":[{"name":"wp","href":"https:\/\/api.w.org\/{rel}","templated":true}]}}