{"id":2186,"date":"2023-12-19T14:09:37","date_gmt":"2023-12-19T13:09:37","guid":{"rendered":"http:\/\/155.253.20.24\/wordpress\/?page_id=2186"},"modified":"2024-02-05T12:31:32","modified_gmt":"2024-02-05T11:31:32","slug":"appennino-centrale-gran-sasso-ditalia","status":"publish","type":"page","link":"https:\/\/www.lteritalia.it\/?page_id=2186","title":{"rendered":"Appennino centrale: Gran Sasso d\u2019Italia"},"content":{"rendered":"\n<div>  <b>DEIMS-ID: <\/b><a href=\"https:\/\/deims.org\/c0738b00-854c-418f-8d4f-69b03486e9fd\" target=\"_blank\" rel=\"noopener noreferrer nofollow\">https:\/\/deims.org\/c0738b00-854c-418f-8d4f-69b03486e9fd<\/a><br>  <b>Ultimo aggiornamento in DEIMS-SDR: <\/b> 07.01.2025<br><\/div><br>  <div>        <div>      <b>Contatti: <\/b>            <a href=\"mailto:roberto.canullo@unicam.it\" target=\"_blank\">Roberto Canullo<\/a> <a href=\"\" target=\"_blank\"><img decoding=\"async\"      src=\"\/wordpress\/wp-content\/uploads\/1024px-ORCID_iD.svg_.png\" width=\"20\"><\/a>      <br>      <b>Istituzione responsabile della gestione: <\/b>            <a href=\"https:\/\/www.carabinieri.it\/chi-siamo\/oggi\/organizzazione\/tutela-forestale-ambientale-e-agroalimentare\" target=\"_blank\" rel=\"noopener noreferrer nofollow\">Carabinieri, Forest and Environmental Protection Dpt.<\/a> <a href=\"https:\/\/ror.org\/04s1a2p79\" target=\"_blank\" rel=\"noopener noreferrer nofollow\"><img decoding=\"async\" src=\"\/wordpress\/wp-content\/uploads\/ROR_logo.svg_.png\" width=\"30\"><\/a>      <br>      <b>Istituzione finanziatrice: <\/b>            <a href=\"\" target=\"_blank\"><\/a> <a href=\"\" target=\"_blank\"><img decoding=\"async\" src=\"\/wordpress\/wp-content\/uploads\/ROR_logo.svg_.png\" width=\"30\"><\/a>      <br>    <\/div>      <div>    <br>    <b>Descrizione sito: <\/b>        <p style=\"text-align:justify;\">     Attivo dal 1985, \u00e8 uno dei siti di ricerca pi\u00f9 elevati d\u2019Italia. Si trova nel massiccio del Gran Sasso d\u2019Italia, negli Appennini Centrali, a una quota compresa tra 2130 e 2385 metri. L\u2019area \u00e8 caratterizzata da un clima Mediterraneo-montano.  Il rilevamento fitosociologico della vegetazione \u00e8 effettuato dal 1986. Dal 1988 sono presenti dati nivometrici. A partire dal 1942 sono presenti dati climatici giornalieri sulle precipitazioni e sulla temperatura dell\u2019aria. Dal 2006 \u00e8 iniziato il monitoraggio delle comunit\u00e0 di uccelli. Nel 2013 inizia il monitoraggio continuo del microclima nelle due principali comunit\u00e0 biotiche del sito, le praterie di altitudine xerofitiche primarie e quelle mesofitiche, tramite sensori che monitorano la temperatura del suolo ogni ora.     <\/p>        <p style=\"text-align:center;\">      <img decoding=\"async\" src=\"https:\/\/deims.org\/sites\/default\/files\/photos\/GSI.JPG\"width=\"640\" alt=\"lanscape\" \/>    <\/p><br>        <p style=\"text-align:center;\">      <img decoding=\"async\" src=\"https:\/\/deims.org\/sites\/default\/files\/2022-11\/foto%20LTER%20Gran%20Sasso%20elab.%201.png\"width=\"640\" alt=\"site from far\" \/>    <\/p><br>        <p style=\"text-align:center;\">      <img decoding=\"async\" src=\"https:\/\/deims.org\/sites\/default\/files\/2022-11\/foto%20LTER%20Gran%20Sasso%20elab.%202.png\"width=\"640\" alt=\"site from far\" \/>    <\/p><br>        <p style=\"text-align:center;\">      <img decoding=\"async\" src=\"https:\/\/deims.org\/sites\/default\/files\/2022-11\/LTER%20GF%20con%20delimitazione.jpg\"width=\"640\" alt=\"permanent plots\" \/>    <\/p><br>        <p style=\"text-align:center;\">      <img decoding=\"async\" src=\"https:\/\/deims.org\/sites\/default\/files\/2022-11\/LTER%20GF%20fioritura.JPG\"width=\"640\" alt=\"permanent plots\" \/>    <\/p><br>          <\/div>  <div>    <b>Risorse correlate: <\/b><br>          <a href=\"https:\/\/deims.org\/dataset\/1f49ee00-198f-11e5-a766-005056ab003f\" target=\"_blank\" rel=\"noopener noreferrer nofollow\">    LTER_EU_IT_021: Vegetation monitoring by 10&#215;10 m permanent plots<\/a><br>        <\/div>    <\/div>","protected":false},"excerpt":{"rendered":"","protected":false},"author":1,"featured_media":3713,"parent":549,"menu_order":7,"comment_status":"closed","ping_status":"closed","template":"","meta":{"site-sidebar-layout":null,"site-content-layout":null,"ast-site-content-layout":"default","site-content-style":"default","site-sidebar-style":"default","ast-global-header-display":"","ast-banner-title-visibility":"","ast-main-header-display":null,"ast-hfb-above-header-display":null,"ast-hfb-below-header-display":null,"ast-hfb-mobile-header-display":null,"site-post-title":null,"ast-breadcrumbs-content":null,"ast-featured-img":null,"footer-sml-layout":null,"ast-disable-related-posts":"","theme-transparent-header-meta":null,"adv-header-id-meta":null,"stick-header-meta":null,"header-above-stick-meta":null,"header-main-stick-meta":null,"header-below-stick-meta":null,"astra-migrate-meta-layouts":"default","ast-page-background-enabled":"default","ast-page-background-meta":{"desktop":{"background-color":"var(--ast-global-color-4)","background-image":"","background-repeat":"repeat","background-position":"center center","background-size":"auto","background-attachment":"scroll","background-type":"","background-media":"","overlay-type":"","overlay-color":"","overlay-opacity":"","overlay-gradient":""},"tablet":{"background-color":"","background-image":"","background-repeat":"repeat","background-position":"center center","background-size":"auto","background-attachment":"scroll","background-type":"","background-media":"","overlay-type":"","overlay-color":"","overlay-opacity":"","overlay-gradient":""},"mobile":{"background-color":"","background-image":"","background-repeat":"repeat","background-position":"center center","background-size":"auto","background-attachment":"scroll","background-type":"","background-media":"","overlay-type":"","overlay-color":"","overlay-opacity":"","overlay-gradient":""}},"ast-content-background-meta":{"desktop":{"background-color":"var(--ast-global-color-5)","background-image":"","background-repeat":"repeat","background-position":"center center","background-size":"auto","background-attachment":"scroll","background-type":"","background-media":"","overlay-type":"","overlay-color":"","overlay-opacity":"","overlay-gradient":""},"tablet":{"background-color":"var(--ast-global-color-5)","background-image":"","background-repeat":"repeat","background-position":"center center","background-size":"auto","background-attachment":"scroll","background-type":"","background-media":"","overlay-type":"","overlay-color":"","overlay-opacity":"","overlay-gradient":""},"mobile":{"background-color":"var(--ast-global-color-5)","background-image":"","background-repeat":"repeat","background-position":"center center","background-size":"auto","background-attachment":"scroll","background-type":"","background-media":"","overlay-type":"","overlay-color":"","overlay-opacity":"","overlay-gradient":""}},"_mc_calendar":[],"footnotes":""},"categories":[159],"tags":[179,167],"class_list":["post-2186","page","type-page","status-publish","has-post-thumbnail","hentry","category-siti_di_ricerca","tag-siti","tag-terrestri"],"_links":{"self":[{"href":"https:\/\/www.lteritalia.it\/index.php?rest_route=\/wp\/v2\/pages\/2186","targetHints":{"allow":["GET"]}}],"collection":[{"href":"https:\/\/www.lteritalia.it\/index.php?rest_route=\/wp\/v2\/pages"}],"about":[{"href":"https:\/\/www.lteritalia.it\/index.php?rest_route=\/wp\/v2\/types\/page"}],"author":[{"embeddable":true,"href":"https:\/\/www.lteritalia.it\/index.php?rest_route=\/wp\/v2\/users\/1"}],"replies":[{"embeddable":true,"href":"https:\/\/www.lteritalia.it\/index.php?rest_route=%2Fwp%2Fv2%2Fcomments&post=2186"}],"version-history":[{"count":4,"href":"https:\/\/www.lteritalia.it\/index.php?rest_route=\/wp\/v2\/pages\/2186\/revisions"}],"predecessor-version":[{"id":3677,"href":"https:\/\/www.lteritalia.it\/index.php?rest_route=\/wp\/v2\/pages\/2186\/revisions\/3677"}],"up":[{"embeddable":true,"href":"https:\/\/www.lteritalia.it\/index.php?rest_route=\/wp\/v2\/pages\/549"}],"wp:featuredmedia":[{"embeddable":true,"href":"https:\/\/www.lteritalia.it\/index.php?rest_route=\/wp\/v2\/media\/3713"}],"wp:attachment":[{"href":"https:\/\/www.lteritalia.it\/index.php?rest_route=%2Fwp%2Fv2%2Fmedia&parent=2186"}],"wp:term":[{"taxonomy":"category","embeddable":true,"href":"https:\/\/www.lteritalia.it\/index.php?rest_route=%2Fwp%2Fv2%2Fcategories&post=2186"},{"taxonomy":"post_tag","embeddable":true,"href":"https:\/\/www.lteritalia.it\/index.php?rest_route=%2Fwp%2Fv2%2Ftags&post=2186"}],"curies":[{"name":"wp","href":"https:\/\/api.w.org\/{rel}","templated":true}]}}