{"id":1512,"date":"2023-11-17T02:22:45","date_gmt":"2023-11-17T01:22:45","guid":{"rendered":"http:\/\/155.253.20.24\/wordpress\/?page_id=1512"},"modified":"2024-02-06T06:01:55","modified_gmt":"2024-02-06T05:01:55","slug":"lacco-ameno","status":"publish","type":"page","link":"https:\/\/www.lteritalia.it\/?page_id=1512","title":{"rendered":"Lacco Ameno"},"content":{"rendered":"\n<div>  <b>DEIMS-ID: <\/b><a href=\"https:\/\/deims.org\/4a05a2fb-0015-4310-96d5-a94c019bda58\" target=\"_blank\" rel=\"noopener noreferrer nofollow\">https:\/\/deims.org\/4a05a2fb-0015-4310-96d5-a94c019bda58<\/a><br>  <b>Ultimo aggiornamento in DEIMS-SDR: <\/b> 07.01.2025<br><\/div><br>  <div>        <div>      <b>Contatti: <\/b>            <a href=\"mailto:gpro@szn.it\" target=\"_blank\">Gabriele Procaccini<\/a> <a href=\"\" target=\"_blank\"><img decoding=\"async\"      src=\"\/wordpress\/wp-content\/uploads\/1024px-ORCID_iD.svg_.png\" width=\"20\"><\/a>            <a href=\"mailto:irene.olive@szn.it\" target=\"_blank\">Irene Oliv&eacute;<\/a> <a href=\"\" target=\"_blank\"><img decoding=\"async\"      src=\"\/wordpress\/wp-content\/uploads\/1024px-ORCID_iD.svg_.png\" width=\"20\"><\/a>      <br>      <b>Istituzione responsabile della gestione: <\/b>            <a href=\"http:\/\/www.szn.it\" target=\"_blank\" rel=\"noopener noreferrer nofollow\">Stazione Zoologica Anton Dohrn<\/a> <a href=\"https:\/\/ror.org\/03v5jj203\" target=\"_blank\" rel=\"noopener noreferrer nofollow\"><img decoding=\"async\" src=\"\/wordpress\/wp-content\/uploads\/ROR_logo.svg_.png\" width=\"30\"><\/a>      <br>      <b>Istituzione finanziatrice: <\/b>            <a href=\"http:\/\/www.szn.it\" target=\"_blank\" rel=\"noopener noreferrer nofollow\">Stazione Zoologica Anton Dohrn<\/a> <a href=\"https:\/\/ror.org\/03v5jj203\" target=\"_blank\" rel=\"noopener noreferrer nofollow\"><img decoding=\"async\" src=\"\/wordpress\/wp-content\/uploads\/ROR_logo.svg_.png\" width=\"30\"><\/a>      <br>    <\/div>      <div>    <br>    <b>Descrizione sito: <\/b>        <p style=\"text-align:justify;\">      L\u2019area dell\u2019arcipelago flegreo rappresenta un importante confine climatico coincidente da una parte con l\u2019estremo nord dell\u2019area di espansione delle specie del Mediterraneo meridionale, e dall\u2019altra con l\u2019estremo sud dell\u2019area di espansione di specie che preferiscono regimi climatici pi\u00f9 freddi.  Dal 1969 iniziano le ricerche, seppur discontinue, sull\u2019ecosistema di Posidonia dell\u2019isola di Ischia. Nel 1979 gli studi si concentrano sulla prateria di Posidonia denominata LTER-LA, nel settore nord dell\u2019isola. A partire dagli anni \u201980 del secolo scorso iniziano dei campionamenti a cadenza irregolare ad alcune profondit\u00e0 critiche in corrispondenza di discontinuit\u00e0 ambientali, e tra l\u201988 e l\u201989 si svolge un campionamento mensile volto allo studio del ciclo di crescita e riproduzione della pianta. Nel 2005 le ricerche si intensificano espandendosi ad un\u2019altra prateria storica: quella del Castello Aragonese (CA). I dati LTER-LA raccolti dal 1976 ad oggi si riferiscono al monitoraggio della densit\u00e0 della prateria di Posidonia, ai descrittori morfometrici della pianta, alla diversit\u00e0 della comunit\u00e0 macroalgale epifita, alla composizione dell\u2019epifauna associata, alla produzione pregressa e alle misure di temperature (dal 2011).    <\/p>        <p style=\"text-align:center;\">      <img decoding=\"async\" src=\"https:\/\/deims.org\/sites\/default\/files\/photos\/Lacco%2520-%2520Castello_0.jpg\"width=\"640\" alt=\"Views of the Posidonia oceanica meadows at the LTER-LA site (top panels) and at the Castello Aragonese (bottom panels) in the Gulf of Naples (Ischia Island).\" \/>    <\/p><br>          <\/div>  <div>    <b>Risorse correlate: <\/b><br>          <a href=\"\" target=\"_blank\">    <\/a><br>        <\/div>    <\/div>","protected":false},"excerpt":{"rendered":"","protected":false},"author":2,"featured_media":3714,"parent":549,"menu_order":10,"comment_status":"closed","ping_status":"closed","template":"","meta":{"site-sidebar-layout":null,"site-content-layout":null,"ast-site-content-layout":null,"site-content-style":null,"site-sidebar-style":null,"ast-global-header-display":"","ast-banner-title-visibility":"","ast-main-header-display":null,"ast-hfb-above-header-display":null,"ast-hfb-below-header-display":null,"ast-hfb-mobile-header-display":null,"site-post-title":null,"ast-breadcrumbs-content":null,"ast-featured-img":null,"footer-sml-layout":null,"ast-disable-related-posts":"","theme-transparent-header-meta":null,"adv-header-id-meta":null,"stick-header-meta":null,"header-above-stick-meta":null,"header-main-stick-meta":null,"header-below-stick-meta":null,"astra-migrate-meta-layouts":"default","ast-page-background-enabled":"default","ast-page-background-meta":{"desktop":{"background-color":"var(--ast-global-color-4)","background-image":"","background-repeat":"repeat","background-position":"center center","background-size":"auto","background-attachment":"scroll","background-type":"","background-media":"","overlay-type":"","overlay-color":"","overlay-opacity":"","overlay-gradient":""},"tablet":{"background-color":"","background-image":"","background-repeat":"repeat","background-position":"center center","background-size":"auto","background-attachment":"scroll","background-type":"","background-media":"","overlay-type":"","overlay-color":"","overlay-opacity":"","overlay-gradient":""},"mobile":{"background-color":"","background-image":"","background-repeat":"repeat","background-position":"center center","background-size":"auto","background-attachment":"scroll","background-type":"","background-media":"","overlay-type":"","overlay-color":"","overlay-opacity":"","overlay-gradient":""}},"ast-content-background-meta":{"desktop":{"background-color":"var(--ast-global-color-5)","background-image":"","background-repeat":"repeat","background-position":"center center","background-size":"auto","background-attachment":"scroll","background-type":"","background-media":"","overlay-type":"","overlay-color":"","overlay-opacity":"","overlay-gradient":""},"tablet":{"background-color":"var(--ast-global-color-5)","background-image":"","background-repeat":"repeat","background-position":"center center","background-size":"auto","background-attachment":"scroll","background-type":"","background-media":"","overlay-type":"","overlay-color":"","overlay-opacity":"","overlay-gradient":""},"mobile":{"background-color":"var(--ast-global-color-5)","background-image":"","background-repeat":"repeat","background-position":"center center","background-size":"auto","background-attachment":"scroll","background-type":"","background-media":"","overlay-type":"","overlay-color":"","overlay-opacity":"","overlay-gradient":""}},"_mc_calendar":[],"footnotes":""},"categories":[159],"tags":[165,179],"class_list":["post-1512","page","type-page","status-publish","has-post-thumbnail","hentry","category-siti_di_ricerca","tag-marino_costieri","tag-siti"],"_links":{"self":[{"href":"https:\/\/www.lteritalia.it\/index.php?rest_route=\/wp\/v2\/pages\/1512","targetHints":{"allow":["GET"]}}],"collection":[{"href":"https:\/\/www.lteritalia.it\/index.php?rest_route=\/wp\/v2\/pages"}],"about":[{"href":"https:\/\/www.lteritalia.it\/index.php?rest_route=\/wp\/v2\/types\/page"}],"author":[{"embeddable":true,"href":"https:\/\/www.lteritalia.it\/index.php?rest_route=\/wp\/v2\/users\/2"}],"replies":[{"embeddable":true,"href":"https:\/\/www.lteritalia.it\/index.php?rest_route=%2Fwp%2Fv2%2Fcomments&post=1512"}],"version-history":[{"count":6,"href":"https:\/\/www.lteritalia.it\/index.php?rest_route=\/wp\/v2\/pages\/1512\/revisions"}],"predecessor-version":[{"id":3863,"href":"https:\/\/www.lteritalia.it\/index.php?rest_route=\/wp\/v2\/pages\/1512\/revisions\/3863"}],"up":[{"embeddable":true,"href":"https:\/\/www.lteritalia.it\/index.php?rest_route=\/wp\/v2\/pages\/549"}],"wp:featuredmedia":[{"embeddable":true,"href":"https:\/\/www.lteritalia.it\/index.php?rest_route=\/wp\/v2\/media\/3714"}],"wp:attachment":[{"href":"https:\/\/www.lteritalia.it\/index.php?rest_route=%2Fwp%2Fv2%2Fmedia&parent=1512"}],"wp:term":[{"taxonomy":"category","embeddable":true,"href":"https:\/\/www.lteritalia.it\/index.php?rest_route=%2Fwp%2Fv2%2Fcategories&post=1512"},{"taxonomy":"post_tag","embeddable":true,"href":"https:\/\/www.lteritalia.it\/index.php?rest_route=%2Fwp%2Fv2%2Ftags&post=1512"}],"curies":[{"name":"wp","href":"https:\/\/api.w.org\/{rel}","templated":true}]}}