{"id":1498,"date":"2023-11-17T02:20:19","date_gmt":"2023-11-17T01:20:19","guid":{"rendered":"http:\/\/155.253.20.24\/wordpress\/?page_id=1498"},"modified":"2024-02-06T06:33:11","modified_gmt":"2024-02-06T05:33:11","slug":"laguna-di-cabras","status":"publish","type":"page","link":"https:\/\/www.lteritalia.it\/?page_id=1498","title":{"rendered":"Laguna di Cabras"},"content":{"rendered":"\n<div>  <b>DEIMS-ID: <\/b><a href=\"https:\/\/deims.org\/d5071d21-9c8f-47cc-b534-1b1162a5e09c\" target=\"_blank\" rel=\"noopener noreferrer nofollow\">https:\/\/deims.org\/d5071d21-9c8f-47cc-b534-1b1162a5e09c<\/a><br>  <b>Ultimo aggiornamento in DEIMS-SDR: <\/b> 11.07.2025<br><\/div><br>  <div>        <div>      <b>Contatti: <\/b>            <a href=\"mailto:luglie@uniss.it\" target=\"_blank\">Antonella Lugli&egrave;<\/a> <a href=\"\" target=\"_blank\"><img decoding=\"async\"      src=\"\/wordpress\/wp-content\/uploads\/1024px-ORCID_iD.svg_.png\" width=\"20\"><\/a>      <br>      <b>Istituzione responsabile della gestione: <\/b>            <a href=\"http:\/\/www.uniss.it\/php\/home.php\" target=\"_blank\" rel=\"noopener noreferrer nofollow\">University of Sassari<\/a> <a href=\"https:\/\/ror.org\/01bnjbv91\" target=\"_blank\" rel=\"noopener noreferrer nofollow\"><img decoding=\"async\" src=\"\/wordpress\/wp-content\/uploads\/ROR_logo.svg_.png\" width=\"30\"><\/a>      <br>      <b>Istituzione finanziatrice: <\/b>            <a href=\"http:\/\/www.uniss.it\/php\/home.php\" target=\"_blank\" rel=\"noopener noreferrer nofollow\">University of Sassari<\/a> <a href=\"https:\/\/ror.org\/01bnjbv91\" target=\"_blank\" rel=\"noopener noreferrer nofollow\"><img decoding=\"async\" src=\"\/wordpress\/wp-content\/uploads\/ROR_logo.svg_.png\" width=\"30\"><\/a>      <br>    <\/div>      <div>    <br>    <b>Descrizione sito: <\/b>        <p style=\"text-align:justify;\">      La Laguna di Cabras \u00e8 situata nella costa occidentale della Sardegna, nel Golfo di Oristano. Ha una profondit\u00e0 media di 1,6 m, una profondit\u00e0 massima di 3 m e una superficie di circa 23,80 km2 che la rende l\u2019ambiente lagunare pi\u00f9 esteso dell\u2019Isola.La laguna \u00e8 oggetto di un&#8217;intensa attivit\u00e0 di pesca e rappresenta un&#8217;importante risorsa economica.Le attivit\u00e0 di monitoraggio sono iniziate dopo l&#8217;estate del 1999, quando una drammatica crisi ha portato alla morte di tutta la fauna della laguna.Fino al 2009 sono stati svolti campionamenti a cadenza quindicinale o mensile per il plancton e i principali descrittori trofici. La raccolta dati \u00e8 poi ricominciata nel 2016 ed \u00e8 tutt&#8217;ora in corso.    <\/p>        <p style=\"text-align:center;\">      <img decoding=\"async\" src=\"https:\/\/deims.org\/sites\/default\/files\/photos\/IT14-003-M.jpg\"width=\"640\" alt=\"View of the lagoon\" \/>    <\/p><br>        <p style=\"text-align:center;\">      <img decoding=\"async\" src=\"https:\/\/deims.org\/sites\/default\/files\/2025-07\/WhatsApp%20Image%202025-03-31%20at%2020.27.54%20%282%29.jpeg\"width=\"640\" alt=\"Sampling activity\" \/>    <\/p><br>        <p style=\"text-align:center;\">      <img decoding=\"async\" src=\"https:\/\/deims.org\/sites\/default\/files\/2025-07\/Cabras.jpg\"width=\"640\" alt=\"View of the lagoon\" \/>    <\/p><br>        <p style=\"text-align:center;\">      <img decoding=\"async\" src=\"https:\/\/deims.org\/sites\/default\/files\/2025-07\/WhatsApp%20Image%202025-03-31%20at%2020.27.53%20%282%29.jpeg\"width=\"640\" alt=\"Sampling activity\" \/>    <\/p><br>          <\/div>  <div>    <b>Risorse correlate: <\/b><br>          <a href=\"\" target=\"_blank\">    <\/a><br>        <\/div>    <\/div>","protected":false},"excerpt":{"rendered":"","protected":false},"author":2,"featured_media":3768,"parent":549,"menu_order":10,"comment_status":"closed","ping_status":"closed","template":"","meta":{"site-sidebar-layout":null,"site-content-layout":null,"ast-site-content-layout":"default","site-content-style":"default","site-sidebar-style":"default","ast-global-header-display":"","ast-banner-title-visibility":"","ast-main-header-display":null,"ast-hfb-above-header-display":null,"ast-hfb-below-header-display":null,"ast-hfb-mobile-header-display":null,"site-post-title":null,"ast-breadcrumbs-content":null,"ast-featured-img":null,"footer-sml-layout":null,"ast-disable-related-posts":"","theme-transparent-header-meta":null,"adv-header-id-meta":null,"stick-header-meta":null,"header-above-stick-meta":null,"header-main-stick-meta":null,"header-below-stick-meta":null,"astra-migrate-meta-layouts":"default","ast-page-background-enabled":"default","ast-page-background-meta":{"desktop":{"background-color":"var(--ast-global-color-4)","background-image":"","background-repeat":"repeat","background-position":"center center","background-size":"auto","background-attachment":"scroll","background-type":"","background-media":"","overlay-type":"","overlay-color":"","overlay-opacity":"","overlay-gradient":""},"tablet":{"background-color":"","background-image":"","background-repeat":"repeat","background-position":"center center","background-size":"auto","background-attachment":"scroll","background-type":"","background-media":"","overlay-type":"","overlay-color":"","overlay-opacity":"","overlay-gradient":""},"mobile":{"background-color":"","background-image":"","background-repeat":"repeat","background-position":"center center","background-size":"auto","background-attachment":"scroll","background-type":"","background-media":"","overlay-type":"","overlay-color":"","overlay-opacity":"","overlay-gradient":""}},"ast-content-background-meta":{"desktop":{"background-color":"var(--ast-global-color-5)","background-image":"","background-repeat":"repeat","background-position":"center center","background-size":"auto","background-attachment":"scroll","background-type":"","background-media":"","overlay-type":"","overlay-color":"","overlay-opacity":"","overlay-gradient":""},"tablet":{"background-color":"var(--ast-global-color-5)","background-image":"","background-repeat":"repeat","background-position":"center center","background-size":"auto","background-attachment":"scroll","background-type":"","background-media":"","overlay-type":"","overlay-color":"","overlay-opacity":"","overlay-gradient":""},"mobile":{"background-color":"var(--ast-global-color-5)","background-image":"","background-repeat":"repeat","background-position":"center center","background-size":"auto","background-attachment":"scroll","background-type":"","background-media":"","overlay-type":"","overlay-color":"","overlay-opacity":"","overlay-gradient":""}},"_mc_calendar":[],"footnotes":""},"categories":[159],"tags":[163,179],"class_list":["post-1498","page","type-page","status-publish","has-post-thumbnail","hentry","category-siti_di_ricerca","tag-transizione","tag-siti"],"_links":{"self":[{"href":"https:\/\/www.lteritalia.it\/index.php?rest_route=\/wp\/v2\/pages\/1498","targetHints":{"allow":["GET"]}}],"collection":[{"href":"https:\/\/www.lteritalia.it\/index.php?rest_route=\/wp\/v2\/pages"}],"about":[{"href":"https:\/\/www.lteritalia.it\/index.php?rest_route=\/wp\/v2\/types\/page"}],"author":[{"embeddable":true,"href":"https:\/\/www.lteritalia.it\/index.php?rest_route=\/wp\/v2\/users\/2"}],"replies":[{"embeddable":true,"href":"https:\/\/www.lteritalia.it\/index.php?rest_route=%2Fwp%2Fv2%2Fcomments&post=1498"}],"version-history":[{"count":8,"href":"https:\/\/www.lteritalia.it\/index.php?rest_route=\/wp\/v2\/pages\/1498\/revisions"}],"predecessor-version":[{"id":3887,"href":"https:\/\/www.lteritalia.it\/index.php?rest_route=\/wp\/v2\/pages\/1498\/revisions\/3887"}],"up":[{"embeddable":true,"href":"https:\/\/www.lteritalia.it\/index.php?rest_route=\/wp\/v2\/pages\/549"}],"wp:featuredmedia":[{"embeddable":true,"href":"https:\/\/www.lteritalia.it\/index.php?rest_route=\/wp\/v2\/media\/3768"}],"wp:attachment":[{"href":"https:\/\/www.lteritalia.it\/index.php?rest_route=%2Fwp%2Fv2%2Fmedia&parent=1498"}],"wp:term":[{"taxonomy":"category","embeddable":true,"href":"https:\/\/www.lteritalia.it\/index.php?rest_route=%2Fwp%2Fv2%2Fcategories&post=1498"},{"taxonomy":"post_tag","embeddable":true,"href":"https:\/\/www.lteritalia.it\/index.php?rest_route=%2Fwp%2Fv2%2Ftags&post=1498"}],"curies":[{"name":"wp","href":"https:\/\/api.w.org\/{rel}","templated":true}]}}