{"id":1442,"date":"2023-11-17T02:12:14","date_gmt":"2023-11-17T01:12:14","guid":{"rendered":"http:\/\/155.253.20.24\/wordpress\/?page_id=1442"},"modified":"2024-02-05T12:32:56","modified_gmt":"2024-02-05T11:32:56","slug":"appennino-centro-meridionale-majella-matese","status":"publish","type":"page","link":"https:\/\/www.lteritalia.it\/?page_id=1442","title":{"rendered":"Appennino centro-meridionale: Majella-Matese"},"content":{"rendered":"\n<div>  <b>DEIMS-ID: <\/b><a href=\"https:\/\/deims.org\/c85fc568-df0c-4cbc-bd1e-02606a36c2bb\" target=\"_blank\" rel=\"noopener noreferrer nofollow\">https:\/\/deims.org\/c85fc568-df0c-4cbc-bd1e-02606a36c2bb<\/a><br>  <b>Ultimo aggiornamento in DEIMS-SDR: <\/b> 07.01.2025<br><\/div><br>  <div>        <div>      <b>Contatti: <\/b>            <a href=\"mailto:stanisci@unimol.it\" target=\"_blank\">Angela Stanisci<\/a> <a href=\"\" target=\"_blank\"><img decoding=\"async\"      src=\"\/wordpress\/wp-content\/uploads\/1024px-ORCID_iD.svg_.png\" width=\"20\"><\/a>      <br>      <b>Istituzione responsabile della gestione: <\/b>            <a href=\"https:\/\/www2.dipbioter.unimol.it\/\" target=\"_blank\" rel=\"noopener noreferrer nofollow\">Department of Biosciences and Territory, University of Molise<\/a> <a href=\"https:\/\/ror.org\/04z08z627\" target=\"_blank\" rel=\"noopener noreferrer nofollow\"><img decoding=\"async\" src=\"\/wordpress\/wp-content\/uploads\/ROR_logo.svg_.png\" width=\"30\"><\/a>      <br>      <b>Istituzione finanziatrice: <\/b>            <a href=\"https:\/\/www2.dipbioter.unimol.it\/\" target=\"_blank\" rel=\"noopener noreferrer nofollow\">Department of Biosciences and Territory, University of Molise<\/a> <a href=\"https:\/\/ror.org\/04z08z627\" target=\"_blank\" rel=\"noopener noreferrer nofollow\"><img decoding=\"async\" src=\"\/wordpress\/wp-content\/uploads\/ROR_logo.svg_.png\" width=\"30\"><\/a>      <br>    <\/div>      <div>    <br>    <b>Descrizione sito: <\/b>        <p style=\"text-align:justify;\">      Il sito di ricerca \u00e8 incluso nel territorio del Parco Nazionale della Majella, e i dati vengono raccolti in 24 aree permanenti localizzate nella parte sommitale del Massiccio della Majella e dei Monti del Matese, le cui quote massime sono di 2794 e 2040 metri. Le forme del paesaggio sono state modellate dall\u2019azione dei ghiacci, e tutt\u2019ora le condizioni climatiche sono di tipo periglaciale, con temperature medie annue di circa 3 gradi e neve da met\u00e0 settembre a met\u00e0 giugno. Il monitoraggio periodico riguarda la diversit\u00e0 e l\u2019abbondanza di piante, la temperatura al livello del suolo, la decomposizione della lettiera e la dinamica del carbonio nel suolo, e lo studio dendrocronologico e dendroanatomico delle mughete e delle faggete. Vengono anche analizzati i cambiamenti strutturali e funzionali degli ecosistemi di alta quota.     <\/p>        <p style=\"text-align:center;\">      <img decoding=\"async\" src=\"https:\/\/deims.org\/sites\/default\/files\/photos\/IT_CAM_FEM_SW.jpg\"width=\"640\" alt=\"IT_CAM_FEM_SW\" \/>    <\/p><br>        <p style=\"text-align:center;\">      <img decoding=\"async\" src=\"https:\/\/deims.org\/sites\/default\/files\/photos\/MajellaMatese.jpg\"width=\"640\" alt=\"IT_CAM_WORKING GROUP\" \/>    <\/p><br>        <p style=\"text-align:center;\">      <img decoding=\"async\" src=\"https:\/\/deims.org\/sites\/default\/files\/photos\/IT_CAM_FEM_SE.jpg\"width=\"640\" alt=\"IT_CAM_FEM_SE\" \/>    <\/p><br>        <p style=\"text-align:center;\">      <img decoding=\"async\" src=\"https:\/\/deims.org\/sites\/default\/files\/photos\/IT_CAM_FEM_overview.jpg\"width=\"640\" alt=\"IT_CAM_FEM_OVERVIEW\" \/>    <\/p><br>        <p style=\"text-align:center;\">      <img decoding=\"async\" src=\"https:\/\/deims.org\/sites\/default\/files\/photos\/IT_CAM_MAC_SE.jpg\"width=\"640\" alt=\"IT_CAM_MAC_SE\" \/>    <\/p><br>        <p style=\"text-align:center;\">      <img decoding=\"async\" src=\"https:\/\/deims.org\/sites\/default\/files\/photos\/IT_CAM_MAC_SW.jpg\"width=\"640\" alt=\"IT_CAM_MAC_SW\" \/>    <\/p><br>        <p style=\"text-align:center;\">      <img decoding=\"async\" src=\"https:\/\/deims.org\/sites\/default\/files\/photos\/IT_CAM_MAC_overview.jpg\"width=\"640\" alt=\"IT_CAM_MAC_OVERVIEW\" \/>    <\/p><br>        <p style=\"text-align:center;\">      <img decoding=\"async\" src=\"https:\/\/deims.org\/sites\/default\/files\/photos\/IT_CAM_MAM_overview.jpg\"width=\"640\" alt=\"IT_CAM_MAM_OVERVIEW\" \/>    <\/p><br>        <p style=\"text-align:center;\">      <img decoding=\"async\" src=\"https:\/\/deims.org\/sites\/default\/files\/photos\/IT_CAM_MAM_SE.jpg\"width=\"640\" alt=\"IT_CAM_MAM_SE\" \/>    <\/p><br>        <p style=\"text-align:center;\">      <img decoding=\"async\" src=\"https:\/\/deims.org\/sites\/default\/files\/photos\/IT_CAM_MAM_SW.jpg\"width=\"640\" alt=\"IT_CAM_MAM_SW\" \/>    <\/p><br>          <\/div>  <div>    <b>Risorse correlate: <\/b><br>          <a href=\"https:\/\/deims.org\/dataset\/42c59158-343f-48d3-81e2-127bdb5b4106\" target=\"_blank\" rel=\"noopener noreferrer nofollow\">    Catches or recaptures of Apodemus flavicollis and Myodes glareolus<\/a><br>        <\/div>    <\/div>","protected":false},"excerpt":{"rendered":"","protected":false},"author":2,"featured_media":3713,"parent":549,"menu_order":10,"comment_status":"closed","ping_status":"closed","template":"","meta":{"site-sidebar-layout":null,"site-content-layout":null,"ast-site-content-layout":null,"site-content-style":null,"site-sidebar-style":null,"ast-global-header-display":"","ast-banner-title-visibility":"","ast-main-header-display":null,"ast-hfb-above-header-display":null,"ast-hfb-below-header-display":null,"ast-hfb-mobile-header-display":null,"site-post-title":null,"ast-breadcrumbs-content":null,"ast-featured-img":null,"footer-sml-layout":null,"ast-disable-related-posts":"","theme-transparent-header-meta":null,"adv-header-id-meta":null,"stick-header-meta":null,"header-above-stick-meta":null,"header-main-stick-meta":null,"header-below-stick-meta":null,"astra-migrate-meta-layouts":"default","ast-page-background-enabled":"default","ast-page-background-meta":{"desktop":{"background-color":"var(--ast-global-color-4)","background-image":"","background-repeat":"repeat","background-position":"center center","background-size":"auto","background-attachment":"scroll","background-type":"","background-media":"","overlay-type":"","overlay-color":"","overlay-opacity":"","overlay-gradient":""},"tablet":{"background-color":"","background-image":"","background-repeat":"repeat","background-position":"center center","background-size":"auto","background-attachment":"scroll","background-type":"","background-media":"","overlay-type":"","overlay-color":"","overlay-opacity":"","overlay-gradient":""},"mobile":{"background-color":"","background-image":"","background-repeat":"repeat","background-position":"center center","background-size":"auto","background-attachment":"scroll","background-type":"","background-media":"","overlay-type":"","overlay-color":"","overlay-opacity":"","overlay-gradient":""}},"ast-content-background-meta":{"desktop":{"background-color":"var(--ast-global-color-5)","background-image":"","background-repeat":"repeat","background-position":"center center","background-size":"auto","background-attachment":"scroll","background-type":"","background-media":"","overlay-type":"","overlay-color":"","overlay-opacity":"","overlay-gradient":""},"tablet":{"background-color":"var(--ast-global-color-5)","background-image":"","background-repeat":"repeat","background-position":"center center","background-size":"auto","background-attachment":"scroll","background-type":"","background-media":"","overlay-type":"","overlay-color":"","overlay-opacity":"","overlay-gradient":""},"mobile":{"background-color":"var(--ast-global-color-5)","background-image":"","background-repeat":"repeat","background-position":"center center","background-size":"auto","background-attachment":"scroll","background-type":"","background-media":"","overlay-type":"","overlay-color":"","overlay-opacity":"","overlay-gradient":""}},"_mc_calendar":[],"footnotes":""},"categories":[159],"tags":[179,167],"class_list":["post-1442","page","type-page","status-publish","has-post-thumbnail","hentry","category-siti_di_ricerca","tag-siti","tag-terrestri"],"_links":{"self":[{"href":"https:\/\/www.lteritalia.it\/index.php?rest_route=\/wp\/v2\/pages\/1442","targetHints":{"allow":["GET"]}}],"collection":[{"href":"https:\/\/www.lteritalia.it\/index.php?rest_route=\/wp\/v2\/pages"}],"about":[{"href":"https:\/\/www.lteritalia.it\/index.php?rest_route=\/wp\/v2\/types\/page"}],"author":[{"embeddable":true,"href":"https:\/\/www.lteritalia.it\/index.php?rest_route=\/wp\/v2\/users\/2"}],"replies":[{"embeddable":true,"href":"https:\/\/www.lteritalia.it\/index.php?rest_route=%2Fwp%2Fv2%2Fcomments&post=1442"}],"version-history":[{"count":8,"href":"https:\/\/www.lteritalia.it\/index.php?rest_route=\/wp\/v2\/pages\/1442\/revisions"}],"predecessor-version":[{"id":3685,"href":"https:\/\/www.lteritalia.it\/index.php?rest_route=\/wp\/v2\/pages\/1442\/revisions\/3685"}],"up":[{"embeddable":true,"href":"https:\/\/www.lteritalia.it\/index.php?rest_route=\/wp\/v2\/pages\/549"}],"wp:featuredmedia":[{"embeddable":true,"href":"https:\/\/www.lteritalia.it\/index.php?rest_route=\/wp\/v2\/media\/3713"}],"wp:attachment":[{"href":"https:\/\/www.lteritalia.it\/index.php?rest_route=%2Fwp%2Fv2%2Fmedia&parent=1442"}],"wp:term":[{"taxonomy":"category","embeddable":true,"href":"https:\/\/www.lteritalia.it\/index.php?rest_route=%2Fwp%2Fv2%2Fcategories&post=1442"},{"taxonomy":"post_tag","embeddable":true,"href":"https:\/\/www.lteritalia.it\/index.php?rest_route=%2Fwp%2Fv2%2Ftags&post=1442"}],"curies":[{"name":"wp","href":"https:\/\/api.w.org\/{rel}","templated":true}]}}