{"id":1420,"date":"2023-11-17T02:08:43","date_gmt":"2023-11-17T01:08:43","guid":{"rendered":"http:\/\/155.253.20.24\/wordpress\/?page_id=1420"},"modified":"2024-02-06T06:56:26","modified_gmt":"2024-02-06T05:56:26","slug":"tenuta-di-castelporziano","status":"publish","type":"page","link":"https:\/\/www.lteritalia.it\/?page_id=1420","title":{"rendered":"Tenuta di Castelporziano"},"content":{"rendered":"\n<div>  <b>DEIMS-ID: <\/b><a href=\"https:\/\/deims.org\/0d2269d3-5423-4939-a30d-077c8bc38b03\" target=\"_blank\" rel=\"noopener noreferrer nofollow\">https:\/\/deims.org\/0d2269d3-5423-4939-a30d-077c8bc38b03<\/a><br>  <b>Ultimo aggiornamento in DEIMS-SDR: <\/b> 12.09.2024<br><\/div><br>  <div>        <div>      <b>Contatti: <\/b>            <a href=\"mailto:d.cecca@quirinale.it\" target=\"_blank\">Daniele Cecca<\/a> <a href=\"\" target=\"_blank\"><img decoding=\"async\"      src=\"\/wordpress\/wp-content\/uploads\/1024px-ORCID_iD.svg_.png\" width=\"20\"><\/a>      <br>      <b>Istituzione responsabile della gestione: <\/b>            <a href=\"https:\/\/www.iret.cnr.it\/en\/\" target=\"_blank\" rel=\"noopener noreferrer nofollow\">CNR  &#8211;  Institute on Terrestrial Ecosystems (IRET)<\/a> <a href=\"\" target=\"_blank\"><img decoding=\"async\" src=\"\/wordpress\/wp-content\/uploads\/ROR_logo.svg_.png\" width=\"30\"><\/a>            <a href=\"https:\/\/www.isafom.cnr.it\/index.php\/en\/\" target=\"_blank\" rel=\"noopener noreferrer nofollow\">CNR &#8211; Institute for Agriculture and Forestry Systems in the Mediterranean (ISAFoM)<\/a> <a href=\"\" target=\"_blank\"><img decoding=\"async\" src=\"\/wordpress\/wp-content\/uploads\/ROR_logo.svg_.png\" width=\"30\"><\/a>            <a href=\"https:\/\/www.ibe.cnr.it\/\" target=\"_blank\" rel=\"noopener noreferrer nofollow\">CNR &#8211; Institute of bioeconomy (IBE)<\/a> <a href=\"\" target=\"_blank\"><img decoding=\"async\" src=\"\/wordpress\/wp-content\/uploads\/ROR_logo.svg_.png\" width=\"30\"><\/a>            <a href=\"https:\/\/www.crea.gov.it\/en\/web\/foreste-e-legno\" target=\"_blank\" rel=\"noopener noreferrer nofollow\">CREA &#8211; Forestry and Wood<\/a> <a href=\"\" target=\"_blank\"><img decoding=\"async\" src=\"\/wordpress\/wp-content\/uploads\/ROR_logo.svg_.png\" width=\"30\"><\/a>            <a href=\"\" target=\"_blank\">ISPRA &#8211; Italian Institute for Environmental Protection and Research<\/a> <a href=\"\" target=\"_blank\"><img decoding=\"async\" src=\"\/wordpress\/wp-content\/uploads\/ROR_logo.svg_.png\" width=\"30\"><\/a>            <a href=\"https:\/\/www.iss.it\/\" target=\"_blank\" rel=\"noopener noreferrer nofollow\">ISS &#8211; Italian National Institute of Health<\/a> <a href=\"https:\/\/ror.org\/02hssy432\" target=\"_blank\" rel=\"noopener noreferrer nofollow\"><img decoding=\"async\" src=\"\/wordpress\/wp-content\/uploads\/ROR_logo.svg_.png\" width=\"30\"><\/a>            <a href=\"https:\/\/www.izslt.it\/eng\/\" target=\"_blank\" rel=\"noopener noreferrer nofollow\">IZSLT &#8211;  Experimental Zooprophylactic Institute of Lazio e Toscana<\/a> <a href=\"\" target=\"_blank\"><img decoding=\"async\" src=\"\/wordpress\/wp-content\/uploads\/ROR_logo.svg_.png\" width=\"30\"><\/a>            <a href=\"https:\/\/www.izs-sardegna.it\/\" target=\"_blank\" rel=\"noopener noreferrer nofollow\">IZSS &#8211; Experimental Zooprophylactic Institute of Sardegna<\/a> <a href=\"\" target=\"_blank\"><img decoding=\"async\" src=\"\/wordpress\/wp-content\/uploads\/ROR_logo.svg_.png\" width=\"30\"><\/a>            <a href=\"https:\/\/www.izsum.it\/pagina0_home.html\" target=\"_blank\" rel=\"noopener noreferrer nofollow\">IZSUM &#8211;   Experimental Zooprophylactic Institute of Umbria and Marche<\/a> <a href=\"\" target=\"_blank\"><img decoding=\"async\" src=\"\/wordpress\/wp-content\/uploads\/ROR_logo.svg_.png\" width=\"30\"><\/a>            <a href=\"https:\/\/bbcd.bio.uniroma1.it\/bbcd\/en\" target=\"_blank\" rel=\"noopener noreferrer nofollow\">University of Rome Sapienza &#8211; Department of Biology and Biotechnologies<\/a> <a href=\"\" target=\"_blank\"><img decoding=\"async\" src=\"\/wordpress\/wp-content\/uploads\/ROR_logo.svg_.png\" width=\"30\"><\/a>            <a href=\"\" target=\"_blank\">University of Rome Sapienza &#8211; Department of Earth Sciences (DES)<\/a> <a href=\"\" target=\"_blank\"><img decoding=\"async\" src=\"\/wordpress\/wp-content\/uploads\/ROR_logo.svg_.png\" width=\"30\"><\/a>            <a href=\"https:\/\/veterinaria.uniss.it\/en\" target=\"_blank\" rel=\"noopener noreferrer nofollow\">University of Sassari &#8211; Department of Veterinary Medicine<\/a> <a href=\"\" target=\"_blank\"><img decoding=\"async\" src=\"\/wordpress\/wp-content\/uploads\/ROR_logo.svg_.png\" width=\"30\"><\/a>            <a href=\"https:\/\/www.unitus.it\/en\/departments\/dafne\/\" target=\"_blank\" rel=\"noopener noreferrer nofollow\">University of Tuscia  &#8211;  Department of Agricolutre and Forest Sciences<\/a> <a href=\"\" target=\"_blank\"><img decoding=\"async\" src=\"\/wordpress\/wp-content\/uploads\/ROR_logo.svg_.png\" width=\"30\"><\/a>      <br>      <b>Istituzione finanziatrice: <\/b>            <a href=\"\" target=\"_blank\"><\/a> <a href=\"\" target=\"_blank\"><img decoding=\"async\" src=\"\/wordpress\/wp-content\/uploads\/ROR_logo.svg_.png\" width=\"30\"><\/a>      <br>    <\/div>      <div>    <br>    <b>Descrizione sito: <\/b>        <p style=\"text-align:justify;\">     La Tenuta presidenziale di Castelporziano si estende dalla periferia occidentale di Roma lungo il sistema dunale compreso tra Ostia e Pratica di Mare, a circa 20 Km dal centro della capitale. Il sito \u00e8 caratterizzato da una fascia costiera con formazioni dunali scarsamente elevate (dune recenti), intervallate da bassure (lame) e da dune antiche che formano un terrazzo costiero prevalentemente pianeggiante. La parte interna presenta invece dei rilievi alti fino a 78 m sul livello del mare. Le attivit\u00e0 di ricerca e monitoraggio nell\u2019area hanno avuto inizio gi\u00e0 negli anni \u201980 del secolo scorso ed \u00e8 possibile individuare 6 macroaree di ricerca: clima e atmosfera, risorse idriche e geomorfologia, biodiversit\u00e0 vegetale, biodiversit\u00e0 e gestione della fauna, gestione forestale, fascia costiera.     <\/p>        <p style=\"text-align:center;\">      <img decoding=\"async\" src=\"https:\/\/deims.org\/sites\/default\/files\/2023-10\/DSCN3623.JPG\"width=\"640\" alt=\"Natural pool surrounded by vegetation\" \/>    <\/p><br>          <\/div>  <div>    <b>Risorse correlate: <\/b><br>          <a href=\"\" target=\"_blank\">    <\/a><br>        <\/div>    <\/div>","protected":false},"excerpt":{"rendered":"","protected":false},"author":2,"featured_media":3713,"parent":549,"menu_order":10,"comment_status":"closed","ping_status":"closed","template":"","meta":{"site-sidebar-layout":null,"site-content-layout":null,"ast-site-content-layout":null,"site-content-style":null,"site-sidebar-style":null,"ast-global-header-display":"","ast-banner-title-visibility":"","ast-main-header-display":null,"ast-hfb-above-header-display":null,"ast-hfb-below-header-display":null,"ast-hfb-mobile-header-display":null,"site-post-title":null,"ast-breadcrumbs-content":null,"ast-featured-img":null,"footer-sml-layout":null,"ast-disable-related-posts":"","theme-transparent-header-meta":null,"adv-header-id-meta":null,"stick-header-meta":null,"header-above-stick-meta":null,"header-main-stick-meta":null,"header-below-stick-meta":null,"astra-migrate-meta-layouts":"default","ast-page-background-enabled":"default","ast-page-background-meta":{"desktop":{"background-color":"var(--ast-global-color-4)","background-image":"","background-repeat":"repeat","background-position":"center center","background-size":"auto","background-attachment":"scroll","background-type":"","background-media":"","overlay-type":"","overlay-color":"","overlay-opacity":"","overlay-gradient":""},"tablet":{"background-color":"","background-image":"","background-repeat":"repeat","background-position":"center center","background-size":"auto","background-attachment":"scroll","background-type":"","background-media":"","overlay-type":"","overlay-color":"","overlay-opacity":"","overlay-gradient":""},"mobile":{"background-color":"","background-image":"","background-repeat":"repeat","background-position":"center center","background-size":"auto","background-attachment":"scroll","background-type":"","background-media":"","overlay-type":"","overlay-color":"","overlay-opacity":"","overlay-gradient":""}},"ast-content-background-meta":{"desktop":{"background-color":"var(--ast-global-color-5)","background-image":"","background-repeat":"repeat","background-position":"center center","background-size":"auto","background-attachment":"scroll","background-type":"","background-media":"","overlay-type":"","overlay-color":"","overlay-opacity":"","overlay-gradient":""},"tablet":{"background-color":"var(--ast-global-color-5)","background-image":"","background-repeat":"repeat","background-position":"center center","background-size":"auto","background-attachment":"scroll","background-type":"","background-media":"","overlay-type":"","overlay-color":"","overlay-opacity":"","overlay-gradient":""},"mobile":{"background-color":"var(--ast-global-color-5)","background-image":"","background-repeat":"repeat","background-position":"center center","background-size":"auto","background-attachment":"scroll","background-type":"","background-media":"","overlay-type":"","overlay-color":"","overlay-opacity":"","overlay-gradient":""}},"_mc_calendar":[],"footnotes":""},"categories":[159],"tags":[179,167],"class_list":["post-1420","page","type-page","status-publish","has-post-thumbnail","hentry","category-siti_di_ricerca","tag-siti","tag-terrestri"],"_links":{"self":[{"href":"https:\/\/www.lteritalia.it\/index.php?rest_route=\/wp\/v2\/pages\/1420","targetHints":{"allow":["GET"]}}],"collection":[{"href":"https:\/\/www.lteritalia.it\/index.php?rest_route=\/wp\/v2\/pages"}],"about":[{"href":"https:\/\/www.lteritalia.it\/index.php?rest_route=\/wp\/v2\/types\/page"}],"author":[{"embeddable":true,"href":"https:\/\/www.lteritalia.it\/index.php?rest_route=\/wp\/v2\/users\/2"}],"replies":[{"embeddable":true,"href":"https:\/\/www.lteritalia.it\/index.php?rest_route=%2Fwp%2Fv2%2Fcomments&post=1420"}],"version-history":[{"count":7,"href":"https:\/\/www.lteritalia.it\/index.php?rest_route=\/wp\/v2\/pages\/1420\/revisions"}],"predecessor-version":[{"id":3915,"href":"https:\/\/www.lteritalia.it\/index.php?rest_route=\/wp\/v2\/pages\/1420\/revisions\/3915"}],"up":[{"embeddable":true,"href":"https:\/\/www.lteritalia.it\/index.php?rest_route=\/wp\/v2\/pages\/549"}],"wp:featuredmedia":[{"embeddable":true,"href":"https:\/\/www.lteritalia.it\/index.php?rest_route=\/wp\/v2\/media\/3713"}],"wp:attachment":[{"href":"https:\/\/www.lteritalia.it\/index.php?rest_route=%2Fwp%2Fv2%2Fmedia&parent=1420"}],"wp:term":[{"taxonomy":"category","embeddable":true,"href":"https:\/\/www.lteritalia.it\/index.php?rest_route=%2Fwp%2Fv2%2Fcategories&post=1420"},{"taxonomy":"post_tag","embeddable":true,"href":"https:\/\/www.lteritalia.it\/index.php?rest_route=%2Fwp%2Fv2%2Ftags&post=1420"}],"curies":[{"name":"wp","href":"https:\/\/api.w.org\/{rel}","templated":true}]}}