{"id":1418,"date":"2023-11-17T02:08:27","date_gmt":"2023-11-17T01:08:27","guid":{"rendered":"http:\/\/155.253.20.24\/wordpress\/?page_id=1418"},"modified":"2026-02-02T08:23:23","modified_gmt":"2026-02-02T07:23:23","slug":"tarvisio-fri2","status":"publish","type":"page","link":"https:\/\/www.lteritalia.it\/?page_id=1418","title":{"rendered":"Tarvisio (FRI2)"},"content":{"rendered":"\n<div>  <b>DEIMS-ID: <\/b><a href=\"https:\/\/deims.org\/5907d0b6-7b4d-4260-a669-4bc0f61d1696\" target=\"_blank\" rel=\"noopener noreferrer nofollow\">https:\/\/deims.org\/5907d0b6-7b4d-4260-a669-4bc0f61d1696<\/a><br>  <b>Ultimo aggiornamento in DEIMS-SDR: <\/b> 27.10.2023<br><\/div><br>  <div>        <div>      <b>Contatti: <\/b>            <a href=\"mailto:c.cindolo@forestale.carabinieri.it\" target=\"_blank\">Claudia Cindolo<\/a> <a href=\"\" target=\"_blank\"><img decoding=\"async\"      src=\"\/wordpress\/wp-content\/uploads\/1024px-ORCID_iD.svg_.png\" width=\"20\"><\/a>            <a href=\"mailto:g.papitto@forestale.carabinieri.it\" target=\"_blank\">Giancarlo Papitto<\/a> <a href=\"\" target=\"_blank\"><img decoding=\"async\"      src=\"\/wordpress\/wp-content\/uploads\/1024px-ORCID_iD.svg_.png\" width=\"20\"><\/a>      <br>      <b>Istituzione responsabile della gestione: <\/b>            <a href=\"\" target=\"_blank\"><\/a> <a href=\"\" target=\"_blank\"><img decoding=\"async\" src=\"\/wordpress\/wp-content\/uploads\/ROR_logo.svg_.png\" width=\"30\"><\/a>      <br>      <b>Istituzione finanziatrice: <\/b>            <a href=\"\" target=\"_blank\"><\/a> <a href=\"\" target=\"_blank\"><img decoding=\"async\" src=\"\/wordpress\/wp-content\/uploads\/ROR_logo.svg_.png\" width=\"30\"><\/a>      <br>    <\/div>      <div>    <br>    <b>Descrizione sito: <\/b>        <p style=\"text-align:justify;\">     Il sito si trova all\u2019interno di una pecceta montana di alto fusto, all\u2019interno della Foresta Demaniale del Tarvisio. La foresta \u00e8 ricca di endemismi e ospita grandi predatori europei. Inoltre, in questa foresta cresce l\u2019abete rosso di risonanza, molto apprezzato per la costruzione di strumenti musicali. Il sito di ricerca \u00e8 attivo dal 1995 e fino al 2013 ha svolto attivit\u00e0 di ricerca e monitoraggio, poi ridotte a causa di mancanza di fondi. Nel 2013 il bosco \u00e8 stato attaccato da un parassita, il Bostrico tipografo (Ips tipographus), la cui diffusione \u00e8 stata favorita dalle alte temperature e dai fenomeni distruttivi causati dai cambiamenti climatici. Nel 2019 \u00e8 stato effettuato un taglio sanitario con la rimozione di tutto il soprassuolo arboreo. Il sito sar\u00e0 oggetto di azioni per il ripristino della piena attivit\u00e0 scientifica di monitoraggio, ma anche divulgazione e coinvolgimento della cittadinanza.     <\/p>        <p style=\"text-align:center;\">      <img decoding=\"async\" src=\"https:\/\/deims.org\/sites\/default\/files\/photos\/FRI2%252007-2003%2520%25283%2529.JPG\"width=\"640\" alt=\"not defined\" \/>    <\/p><br>          <\/div>  <div>    <b>Risorse correlate: <\/b><br>          <a href=\"\" target=\"_blank\">    <\/a><br>        <\/div>    <\/div>","protected":false},"excerpt":{"rendered":"","protected":false},"author":2,"featured_media":3713,"parent":549,"menu_order":10,"comment_status":"closed","ping_status":"closed","template":"","meta":{"site-sidebar-layout":null,"site-content-layout":null,"ast-site-content-layout":null,"site-content-style":null,"site-sidebar-style":null,"ast-global-header-display":"","ast-banner-title-visibility":"","ast-main-header-display":null,"ast-hfb-above-header-display":null,"ast-hfb-below-header-display":null,"ast-hfb-mobile-header-display":null,"site-post-title":null,"ast-breadcrumbs-content":null,"ast-featured-img":null,"footer-sml-layout":null,"ast-disable-related-posts":"","theme-transparent-header-meta":null,"adv-header-id-meta":null,"stick-header-meta":null,"header-above-stick-meta":null,"header-main-stick-meta":null,"header-below-stick-meta":null,"astra-migrate-meta-layouts":"default","ast-page-background-enabled":"default","ast-page-background-meta":{"desktop":{"background-color":"var(--ast-global-color-4)","background-image":"","background-repeat":"repeat","background-position":"center center","background-size":"auto","background-attachment":"scroll","background-type":"","background-media":"","overlay-type":"","overlay-color":"","overlay-opacity":"","overlay-gradient":""},"tablet":{"background-color":"","background-image":"","background-repeat":"repeat","background-position":"center center","background-size":"auto","background-attachment":"scroll","background-type":"","background-media":"","overlay-type":"","overlay-color":"","overlay-opacity":"","overlay-gradient":""},"mobile":{"background-color":"","background-image":"","background-repeat":"repeat","background-position":"center center","background-size":"auto","background-attachment":"scroll","background-type":"","background-media":"","overlay-type":"","overlay-color":"","overlay-opacity":"","overlay-gradient":""}},"ast-content-background-meta":{"desktop":{"background-color":"var(--ast-global-color-5)","background-image":"","background-repeat":"repeat","background-position":"center center","background-size":"auto","background-attachment":"scroll","background-type":"","background-media":"","overlay-type":"","overlay-color":"","overlay-opacity":"","overlay-gradient":""},"tablet":{"background-color":"var(--ast-global-color-5)","background-image":"","background-repeat":"repeat","background-position":"center center","background-size":"auto","background-attachment":"scroll","background-type":"","background-media":"","overlay-type":"","overlay-color":"","overlay-opacity":"","overlay-gradient":""},"mobile":{"background-color":"var(--ast-global-color-5)","background-image":"","background-repeat":"repeat","background-position":"center center","background-size":"auto","background-attachment":"scroll","background-type":"","background-media":"","overlay-type":"","overlay-color":"","overlay-opacity":"","overlay-gradient":""}},"_mc_calendar":[],"footnotes":""},"categories":[159],"tags":[179,167],"class_list":["post-1418","page","type-page","status-publish","has-post-thumbnail","hentry","category-siti_di_ricerca","tag-siti","tag-terrestri"],"_links":{"self":[{"href":"https:\/\/www.lteritalia.it\/index.php?rest_route=\/wp\/v2\/pages\/1418","targetHints":{"allow":["GET"]}}],"collection":[{"href":"https:\/\/www.lteritalia.it\/index.php?rest_route=\/wp\/v2\/pages"}],"about":[{"href":"https:\/\/www.lteritalia.it\/index.php?rest_route=\/wp\/v2\/types\/page"}],"author":[{"embeddable":true,"href":"https:\/\/www.lteritalia.it\/index.php?rest_route=\/wp\/v2\/users\/2"}],"replies":[{"embeddable":true,"href":"https:\/\/www.lteritalia.it\/index.php?rest_route=%2Fwp%2Fv2%2Fcomments&post=1418"}],"version-history":[{"count":8,"href":"https:\/\/www.lteritalia.it\/index.php?rest_route=\/wp\/v2\/pages\/1418\/revisions"}],"predecessor-version":[{"id":7950,"href":"https:\/\/www.lteritalia.it\/index.php?rest_route=\/wp\/v2\/pages\/1418\/revisions\/7950"}],"up":[{"embeddable":true,"href":"https:\/\/www.lteritalia.it\/index.php?rest_route=\/wp\/v2\/pages\/549"}],"wp:featuredmedia":[{"embeddable":true,"href":"https:\/\/www.lteritalia.it\/index.php?rest_route=\/wp\/v2\/media\/3713"}],"wp:attachment":[{"href":"https:\/\/www.lteritalia.it\/index.php?rest_route=%2Fwp%2Fv2%2Fmedia&parent=1418"}],"wp:term":[{"taxonomy":"category","embeddable":true,"href":"https:\/\/www.lteritalia.it\/index.php?rest_route=%2Fwp%2Fv2%2Fcategories&post=1418"},{"taxonomy":"post_tag","embeddable":true,"href":"https:\/\/www.lteritalia.it\/index.php?rest_route=%2Fwp%2Fv2%2Ftags&post=1418"}],"curies":[{"name":"wp","href":"https:\/\/api.w.org\/{rel}","templated":true}]}}