{"id":1143,"date":"2023-11-16T18:53:28","date_gmt":"2023-11-16T17:53:28","guid":{"rendered":"http:\/\/155.253.20.24\/wordpress\/?page_id=1143"},"modified":"2024-02-27T11:32:17","modified_gmt":"2024-02-27T10:32:17","slug":"news-events","status":"publish","type":"page","link":"https:\/\/www.lteritalia.it\/?page_id=1143","title":{"rendered":"News &#038; Events"},"content":{"rendered":"<ul class=\"wp-block-latest-posts__list has-dates has-author wp-block-latest-posts\"><li><div class=\"wp-block-latest-posts__featured-image\"><img loading=\"lazy\" decoding=\"async\" width=\"150\" height=\"150\" src=\"https:\/\/www.lteritalia.it\/wp-content\/uploads\/Progetto-senza-titolo-150x150.png\" class=\"attachment-thumbnail size-thumbnail wp-post-image\" alt=\"\" style=\"\" \/><\/div><a class=\"wp-block-latest-posts__post-title\" href=\"https:\/\/www.lteritalia.it\/?p=7969\">Notizie dalla Rete LTER #3<\/a><div class=\"wp-block-latest-posts__post-author\">by admin<\/div><time datetime=\"2026-02-04T11:57:17+01:00\" class=\"wp-block-latest-posts__post-date\">04\/02\/2026<\/time><div class=\"wp-block-latest-posts__post-excerpt\">\u00c8 online la terza newsletter di LTER-Italia, qui troverai aggiornamenti su pubblicazioni, eventi e risorse. Non dimenticarti di iscriverti per non perdere nessuna novit\u00e0. Leggi online<\/div><\/li>\n<li><div class=\"wp-block-latest-posts__featured-image\"><img loading=\"lazy\" decoding=\"async\" width=\"150\" height=\"150\" src=\"https:\/\/www.lteritalia.it\/wp-content\/uploads\/paione-sup-150x150.png\" class=\"attachment-thumbnail size-thumbnail wp-post-image\" alt=\"\" style=\"\" \/><\/div><a class=\"wp-block-latest-posts__post-title\" href=\"https:\/\/www.lteritalia.it\/?p=7926\">LIFE MODERn(NEC): un nuovo sistema per monitorare l&#8217;impatto dell&#8217;inquinamento atmosferico sugli ecosistemi italiani<\/a><div class=\"wp-block-latest-posts__post-author\">by admin<\/div><time datetime=\"2025-12-18T09:13:34+01:00\" class=\"wp-block-latest-posts__post-date\">18\/12\/2025<\/time><div class=\"wp-block-latest-posts__post-excerpt\">\u00c8 stato lanciato il progetto LIFE MODERn(NEC), un&#8217;iniziativa ambiziosa che mira a migliorare il modo in cui monitoriamo gli effetti dell&#8217;inquinamento atmosferico sui nostri ecosistemi terrestri e d&#8217;acqua dolce in Italia. Finanziato dal programma LIFE dell&#8217;Unione Europea, questo progetto \u00e8 unico nel suo genere, essendo l&#8217;unico dedicato specificamente all&#8217;Articolo 9 della Direttiva NEC (National Emission\u2026 <a class=\"wp-block-latest-posts__read-more\" href=\"https:\/\/www.lteritalia.it\/?p=7926\" rel=\"noopener noreferrer\">Read more<span class=\"screen-reader-text\">: LIFE MODERn(NEC): un nuovo sistema per monitorare l&#8217;impatto dell&#8217;inquinamento atmosferico sugli ecosistemi italiani<\/span><\/a><\/div><\/li>\n<li><div class=\"wp-block-latest-posts__featured-image\"><img loading=\"lazy\" decoding=\"async\" width=\"150\" height=\"150\" src=\"https:\/\/www.lteritalia.it\/wp-content\/uploads\/laguna-venezia-150x150.jpg\" class=\"attachment-thumbnail size-thumbnail wp-post-image\" alt=\"\" style=\"\" \/><\/div><a class=\"wp-block-latest-posts__post-title\" href=\"https:\/\/www.lteritalia.it\/?p=7922\">L&#8217;ecologia del fitoplancton della Laguna di Venezia<\/a><div class=\"wp-block-latest-posts__post-author\">by admin<\/div><time datetime=\"2025-12-17T09:01:43+01:00\" class=\"wp-block-latest-posts__post-date\">17\/12\/2025<\/time><div class=\"wp-block-latest-posts__post-excerpt\">La Laguna di Venezia, un ecosistema di transizione unico e complesso nel Mediterraneo, \u00e8 da decenni al centro di studi scientifici che ne esplorano la ricca biodiversit\u00e0 e fa parte della Rete di Ricerca Ecologica di Lungo Termine LTER-Italia. Un gruppo di ricercatori e ricercatrici del CNR-ISMAR di Venezia ha raccolto e sintetizzato anni di\u2026 <a class=\"wp-block-latest-posts__read-more\" href=\"https:\/\/www.lteritalia.it\/?p=7922\" rel=\"noopener noreferrer\">Read more<span class=\"screen-reader-text\">: L&#8217;ecologia del fitoplancton della Laguna di Venezia<\/span><\/a><\/div><\/li>\n<li><div class=\"wp-block-latest-posts__featured-image\"><img loading=\"lazy\" decoding=\"async\" width=\"150\" height=\"150\" src=\"https:\/\/www.lteritalia.it\/wp-content\/uploads\/golfo-venezia-150x150.jpg\" class=\"attachment-thumbnail size-thumbnail wp-post-image\" alt=\"\" style=\"\" \/><\/div><a class=\"wp-block-latest-posts__post-title\" href=\"https:\/\/www.lteritalia.it\/?p=7917\">Fitoplancton e cambiamenti climatici: uno sguardo dal Golfo di Venezia<\/a><div class=\"wp-block-latest-posts__post-author\">by admin<\/div><time datetime=\"2025-12-16T08:35:42+01:00\" class=\"wp-block-latest-posts__post-date\">16\/12\/2025<\/time><div class=\"wp-block-latest-posts__post-excerpt\">Il fitoplancton, invisibile motore degli oceani, \u00e8 il focus di un nuovo studio condotto per 12 anni nel Golfo di Venezia (uno dei siti della Rete di Ricerca Ecologica di Lungo Termine LTER-Italia) presso la Piattaforma Oceanografica Acqua Alta (LTER-AAOT). Questi organismi microscopici sono cruciali per la vita marina e sensibili ai cambiamenti ambientali. In\u2026 <a class=\"wp-block-latest-posts__read-more\" href=\"https:\/\/www.lteritalia.it\/?p=7917\" rel=\"noopener noreferrer\">Read more<span class=\"screen-reader-text\">: Fitoplancton e cambiamenti climatici: uno sguardo dal Golfo di Venezia<\/span><\/a><\/div><\/li>\n<li><div class=\"wp-block-latest-posts__featured-image\"><img loading=\"lazy\" decoding=\"async\" width=\"150\" height=\"150\" src=\"https:\/\/www.lteritalia.it\/wp-content\/uploads\/petacciato-lepidottero-150x150.jpg\" class=\"attachment-thumbnail size-thumbnail wp-post-image\" alt=\"\" style=\"\" \/><\/div><a class=\"wp-block-latest-posts__post-title\" href=\"https:\/\/www.lteritalia.it\/?p=7913\">Nuove conoscenze su lepidotteri e piante vascolari delle dune dell\u2019Adriatico centro-meridionale<\/a><div class=\"wp-block-latest-posts__post-author\">by admin<\/div><time datetime=\"2025-12-15T08:22:42+01:00\" class=\"wp-block-latest-posts__post-date\">15\/12\/2025<\/time><div class=\"wp-block-latest-posts__post-excerpt\">Due recenti studi condotti nel sito eLTER costiero dell\u2019Adriatico centro-maridionale (Foce Trigno-Marina di Petacciato; LTER IT20), gestito dall\u2019Universit\u00e0 del Molise, hanno approfondito le relazioni tra comunit\u00e0 di lepidotteri e piante vascolari nelle dune mediterranee, ecosistemi tra i pi\u00f9 minacciati del nostro Paese ma di grande valore ecologico e conservazionistico. Le campagne di campionamento sono state\u2026 <a class=\"wp-block-latest-posts__read-more\" href=\"https:\/\/www.lteritalia.it\/?p=7913\" rel=\"noopener noreferrer\">Read more<span class=\"screen-reader-text\">: Nuove conoscenze su lepidotteri e piante vascolari delle dune dell\u2019Adriatico centro-meridionale<\/span><\/a><\/div><\/li>\n<\/ul>","protected":false},"excerpt":{"rendered":"","protected":false},"author":1,"featured_media":1800,"parent":1034,"menu_order":3,"comment_status":"closed","ping_status":"closed","template":"","meta":{"site-sidebar-layout":"default","site-content-layout":"","ast-site-content-layout":"default","site-content-style":"default","site-sidebar-style":"default","ast-global-header-display":"","ast-banner-title-visibility":"","ast-main-header-display":"","ast-hfb-above-header-display":"","ast-hfb-below-header-display":"","ast-hfb-mobile-header-display":"","site-post-title":"","ast-breadcrumbs-content":"","ast-featured-img":"","footer-sml-layout":"","ast-disable-related-posts":"","theme-transparent-header-meta":"","adv-header-id-meta":"","stick-header-meta":"","header-above-stick-meta":"","header-main-stick-meta":"","header-below-stick-meta":"","astra-migrate-meta-layouts":"default","ast-page-background-enabled":"default","ast-page-background-meta":{"desktop":{"background-color":"var(--ast-global-color-4)","background-image":"","background-repeat":"repeat","background-position":"center center","background-size":"auto","background-attachment":"scroll","background-type":"","background-media":"","overlay-type":"","overlay-color":"","overlay-opacity":"","overlay-gradient":""},"tablet":{"background-color":"","background-image":"","background-repeat":"repeat","background-position":"center center","background-size":"auto","background-attachment":"scroll","background-type":"","background-media":"","overlay-type":"","overlay-color":"","overlay-opacity":"","overlay-gradient":""},"mobile":{"background-color":"","background-image":"","background-repeat":"repeat","background-position":"center center","background-size":"auto","background-attachment":"scroll","background-type":"","background-media":"","overlay-type":"","overlay-color":"","overlay-opacity":"","overlay-gradient":""}},"ast-content-background-meta":{"desktop":{"background-color":"var(--ast-global-color-5)","background-image":"","background-repeat":"repeat","background-position":"center center","background-size":"auto","background-attachment":"scroll","background-type":"","background-media":"","overlay-type":"","overlay-color":"","overlay-opacity":"","overlay-gradient":""},"tablet":{"background-color":"var(--ast-global-color-5)","background-image":"","background-repeat":"repeat","background-position":"center center","background-size":"auto","background-attachment":"scroll","background-type":"","background-media":"","overlay-type":"","overlay-color":"","overlay-opacity":"","overlay-gradient":""},"mobile":{"background-color":"var(--ast-global-color-5)","background-image":"","background-repeat":"repeat","background-position":"center center","background-size":"auto","background-attachment":"scroll","background-type":"","background-media":"","overlay-type":"","overlay-color":"","overlay-opacity":"","overlay-gradient":""}},"_mc_calendar":[],"footnotes":""},"categories":[40,38],"tags":[],"class_list":["post-1143","page","type-page","status-publish","has-post-thumbnail","hentry","category-events","category-news"],"_links":{"self":[{"href":"https:\/\/www.lteritalia.it\/index.php?rest_route=\/wp\/v2\/pages\/1143","targetHints":{"allow":["GET"]}}],"collection":[{"href":"https:\/\/www.lteritalia.it\/index.php?rest_route=\/wp\/v2\/pages"}],"about":[{"href":"https:\/\/www.lteritalia.it\/index.php?rest_route=\/wp\/v2\/types\/page"}],"author":[{"embeddable":true,"href":"https:\/\/www.lteritalia.it\/index.php?rest_route=\/wp\/v2\/users\/1"}],"replies":[{"embeddable":true,"href":"https:\/\/www.lteritalia.it\/index.php?rest_route=%2Fwp%2Fv2%2Fcomments&post=1143"}],"version-history":[{"count":3,"href":"https:\/\/www.lteritalia.it\/index.php?rest_route=\/wp\/v2\/pages\/1143\/revisions"}],"predecessor-version":[{"id":4499,"href":"https:\/\/www.lteritalia.it\/index.php?rest_route=\/wp\/v2\/pages\/1143\/revisions\/4499"}],"up":[{"embeddable":true,"href":"https:\/\/www.lteritalia.it\/index.php?rest_route=\/wp\/v2\/pages\/1034"}],"wp:featuredmedia":[{"embeddable":true,"href":"https:\/\/www.lteritalia.it\/index.php?rest_route=\/wp\/v2\/media\/1800"}],"wp:attachment":[{"href":"https:\/\/www.lteritalia.it\/index.php?rest_route=%2Fwp%2Fv2%2Fmedia&parent=1143"}],"wp:term":[{"taxonomy":"category","embeddable":true,"href":"https:\/\/www.lteritalia.it\/index.php?rest_route=%2Fwp%2Fv2%2Fcategories&post=1143"},{"taxonomy":"post_tag","embeddable":true,"href":"https:\/\/www.lteritalia.it\/index.php?rest_route=%2Fwp%2Fv2%2Ftags&post=1143"}],"curies":[{"name":"wp","href":"https:\/\/api.w.org\/{rel}","templated":true}]}}