{"id":1130,"date":"2023-11-16T19:28:57","date_gmt":"2023-11-16T18:28:57","guid":{"rendered":"http:\/\/155.253.20.24\/wordpress\/?page_id=1130"},"modified":"2024-02-06T07:02:04","modified_gmt":"2024-02-06T06:02:04","slug":"transetto-senigallia-susak","status":"publish","type":"page","link":"https:\/\/www.lteritalia.it\/?page_id=1130","title":{"rendered":"Transetto Senigallia-Susak"},"content":{"rendered":"\n<div>  <b>DEIMS-ID: <\/b><a href=\"https:\/\/deims.org\/be8971c2-c708-4d6e-a4c7-f49fcf1623c1\" target=\"_blank\" rel=\"noopener noreferrer nofollow\">https:\/\/deims.org\/be8971c2-c708-4d6e-a4c7-f49fcf1623c1<\/a><br>  <b>Ultimo aggiornamento in DEIMS-SDR: <\/b> 20.04.2026<br><\/div><br>  <div>        <div>      <b>Contatti: <\/b>            <a href=\"mailto:cecilia@univpm.it\" target=\"_blank\">Cecilia Totti<\/a> <a href=\"https:\/\/orcid.org\/0000-0002-1532-6009\" target=\"_blank\" rel=\"noopener noreferrer nofollow\"><img decoding=\"async\"      src=\"\/wordpress\/wp-content\/uploads\/1024px-ORCID_iD.svg_.png\" width=\"20\"><\/a>            <a href=\"mailto:federica.grilli@cnr.it\" target=\"_blank\">Federica Grilli<\/a> <a href=\"https:\/\/orcid.org\/0000-0003-4005-1278\" target=\"_blank\" rel=\"noopener noreferrer nofollow\"><img decoding=\"async\"      src=\"\/wordpress\/wp-content\/uploads\/1024px-ORCID_iD.svg_.png\" width=\"20\"><\/a>            <a href=\"mailto:pierluigi.penna@cnr.it\" target=\"_blank\">Pierluigi Penna<\/a> <a href=\"https:\/\/orcid.org\/0000-0002-9674-7197\" target=\"_blank\" rel=\"noopener noreferrer nofollow\"><img decoding=\"async\"      src=\"\/wordpress\/wp-content\/uploads\/1024px-ORCID_iD.svg_.png\" width=\"20\"><\/a>      <br>      <b>Istituzione responsabile della gestione: <\/b>            <a href=\"https:\/\/www.irbim.cnr.it\" target=\"_blank\" rel=\"noopener noreferrer nofollow\">CNR &#8211; Institute of Marine Biological Resources and Biotechnologies (IRBIM)<\/a> <a href=\"https:\/\/ror.org\/00pb0ac76\" target=\"_blank\" rel=\"noopener noreferrer nofollow\"><img decoding=\"async\" src=\"\/wordpress\/wp-content\/uploads\/ROR_logo.svg_.png\" width=\"30\"><\/a>            <a href=\"http:\/\/www.univpm.it\" target=\"_blank\" rel=\"noopener noreferrer nofollow\">Universit&agrave; Politecnica delle Marche<\/a> <a href=\"\" target=\"_blank\"><img decoding=\"async\" src=\"\/wordpress\/wp-content\/uploads\/ROR_logo.svg_.png\" width=\"30\"><\/a>      <br>      <b>Istituzione finanziatrice: <\/b>            <a href=\"\" target=\"_blank\"><\/a> <a href=\"\" target=\"_blank\"><img decoding=\"async\" src=\"\/wordpress\/wp-content\/uploads\/ROR_logo.svg_.png\" width=\"30\"><\/a>      <br>    <\/div>      <div>    <br>    <b>Descrizione sito: <\/b>        <p style=\"text-align:justify;\">      Questo sito si trova nel basso Adriatico settentrionale e si estende dalla zona costiera occidentale posta davanti alla citt\u00e0 di Senigallia fino all\u2019area costiera occidentale davanti all\u2019Isola di Susak (Croazia). In tutto, il transetto \u00e8 costituito da 14 stazioni tra la costa italiana e quella croata. Dal 1988 in questo sito sono stati raccolti dati idrologici, chimici e biologici. Dal 2002 ad oggi il campionamento sta proseguendo con cadenza bimestrale su met\u00e0 transetto. La stazione costiera occidentale \u00e8 quella campionata pi\u00f9 frequentemente, e i suoi dati sono a disposizione della Rete LTER a partire dal 2018. Il transetto \u00e8 un ottimo punto di osservazione per le acque che transitano da e verso l\u2019Alto Adriatico, un\u2019area  fortemente interessata dalle acque continentali provenienti dal Po.     <\/p>        <p style=\"text-align:center;\">      <img decoding=\"async\" src=\"https:\/\/deims.org\/sites\/default\/files\/photos\/IMG_20160506_161132.jpg\"width=\"640\" alt=\"TeleSenigallia pylon\" \/>    <\/p><br>          <\/div>  <div>    <b>Risorse correlate: <\/b><br>          <a href=\"\" target=\"_blank\">    <\/a><br>        <\/div>    <\/div>","protected":false},"excerpt":{"rendered":"","protected":false},"author":1,"featured_media":3714,"parent":549,"menu_order":11,"comment_status":"closed","ping_status":"closed","template":"","meta":{"site-sidebar-layout":null,"site-content-layout":null,"ast-site-content-layout":null,"site-content-style":null,"site-sidebar-style":null,"ast-global-header-display":"","ast-banner-title-visibility":"","ast-main-header-display":null,"ast-hfb-above-header-display":null,"ast-hfb-below-header-display":null,"ast-hfb-mobile-header-display":null,"site-post-title":null,"ast-breadcrumbs-content":null,"ast-featured-img":null,"footer-sml-layout":null,"ast-disable-related-posts":"","theme-transparent-header-meta":null,"adv-header-id-meta":null,"stick-header-meta":null,"header-above-stick-meta":null,"header-main-stick-meta":null,"header-below-stick-meta":null,"astra-migrate-meta-layouts":"default","ast-page-background-enabled":"default","ast-page-background-meta":{"desktop":{"background-color":"var(--ast-global-color-4)","background-image":"","background-repeat":"repeat","background-position":"center center","background-size":"auto","background-attachment":"scroll","background-type":"","background-media":"","overlay-type":"","overlay-color":"","overlay-opacity":"","overlay-gradient":""},"tablet":{"background-color":"","background-image":"","background-repeat":"repeat","background-position":"center center","background-size":"auto","background-attachment":"scroll","background-type":"","background-media":"","overlay-type":"","overlay-color":"","overlay-opacity":"","overlay-gradient":""},"mobile":{"background-color":"","background-image":"","background-repeat":"repeat","background-position":"center center","background-size":"auto","background-attachment":"scroll","background-type":"","background-media":"","overlay-type":"","overlay-color":"","overlay-opacity":"","overlay-gradient":""}},"ast-content-background-meta":{"desktop":{"background-color":"var(--ast-global-color-5)","background-image":"","background-repeat":"repeat","background-position":"center center","background-size":"auto","background-attachment":"scroll","background-type":"","background-media":"","overlay-type":"","overlay-color":"","overlay-opacity":"","overlay-gradient":""},"tablet":{"background-color":"var(--ast-global-color-5)","background-image":"","background-repeat":"repeat","background-position":"center center","background-size":"auto","background-attachment":"scroll","background-type":"","background-media":"","overlay-type":"","overlay-color":"","overlay-opacity":"","overlay-gradient":""},"mobile":{"background-color":"var(--ast-global-color-5)","background-image":"","background-repeat":"repeat","background-position":"center center","background-size":"auto","background-attachment":"scroll","background-type":"","background-media":"","overlay-type":"","overlay-color":"","overlay-opacity":"","overlay-gradient":""}},"_mc_calendar":[],"footnotes":""},"categories":[159],"tags":[165,179],"class_list":["post-1130","page","type-page","status-publish","has-post-thumbnail","hentry","category-siti_di_ricerca","tag-marino_costieri","tag-siti"],"_links":{"self":[{"href":"https:\/\/www.lteritalia.it\/index.php?rest_route=\/wp\/v2\/pages\/1130","targetHints":{"allow":["GET"]}}],"collection":[{"href":"https:\/\/www.lteritalia.it\/index.php?rest_route=\/wp\/v2\/pages"}],"about":[{"href":"https:\/\/www.lteritalia.it\/index.php?rest_route=\/wp\/v2\/types\/page"}],"author":[{"embeddable":true,"href":"https:\/\/www.lteritalia.it\/index.php?rest_route=\/wp\/v2\/users\/1"}],"replies":[{"embeddable":true,"href":"https:\/\/www.lteritalia.it\/index.php?rest_route=%2Fwp%2Fv2%2Fcomments&post=1130"}],"version-history":[{"count":7,"href":"https:\/\/www.lteritalia.it\/index.php?rest_route=\/wp\/v2\/pages\/1130\/revisions"}],"predecessor-version":[{"id":3921,"href":"https:\/\/www.lteritalia.it\/index.php?rest_route=\/wp\/v2\/pages\/1130\/revisions\/3921"}],"up":[{"embeddable":true,"href":"https:\/\/www.lteritalia.it\/index.php?rest_route=\/wp\/v2\/pages\/549"}],"wp:featuredmedia":[{"embeddable":true,"href":"https:\/\/www.lteritalia.it\/index.php?rest_route=\/wp\/v2\/media\/3714"}],"wp:attachment":[{"href":"https:\/\/www.lteritalia.it\/index.php?rest_route=%2Fwp%2Fv2%2Fmedia&parent=1130"}],"wp:term":[{"taxonomy":"category","embeddable":true,"href":"https:\/\/www.lteritalia.it\/index.php?rest_route=%2Fwp%2Fv2%2Fcategories&post=1130"},{"taxonomy":"post_tag","embeddable":true,"href":"https:\/\/www.lteritalia.it\/index.php?rest_route=%2Fwp%2Fv2%2Ftags&post=1130"}],"curies":[{"name":"wp","href":"https:\/\/api.w.org\/{rel}","templated":true}]}}